{"id":13653,"date":"2022-06-04T10:53:52","date_gmt":"2022-06-04T10:53:52","guid":{"rendered":"https:\/\/comercializacion.electricadecallosa.es\/web\/?page_id=13653"},"modified":"2022-10-21T06:12:46","modified_gmt":"2022-10-21T06:12:46","slug":"informacion-sobre-reclamaciones","status":"publish","type":"page","link":"https:\/\/comercializacion.electricadecallosa.es\/web\/informacion-sobre-reclamaciones\/","title":{"rendered":"Informaci\u00f3n sobre reclamaciones"},"content":{"rendered":"<h2>Informaci\u00f3n sobre reclamaciones<\/h2>\n<p><img decoding=\"async\" class=\"aligncenter\" src=\"https:\/\/comercializacion.electricadecallosa.es\/web\/wp-content\/uploads\/2020\/12\/logo_reclamaciones.jpg\" \/><\/p>\n<p style=\"font-weight: 400;\"><strong>Reclamaciones<\/strong>: (EL\u00c9CTRICA DE CALLOSA DE SEGURA, C.V.)\u00a0Telf. 900 101 603;\u00a0<a href=\"mailto:cooperativa@electricadecallosa.com\">cooperativa@electricadecallosa.com<\/a>\u00a0; Fax: 96 675 66 73<\/p>\n<p style=\"font-weight: 400;\"><strong>Direcci\u00f3n postal reclamaciones:<\/strong><\/p>\n<p style=\"font-weight: 400;\">EL\u00c9CTRICA DE CALLOSA DE SEGURA, C.V.<\/p>\n<p style=\"font-weight: 400;\">Departamento de Reclamaciones<\/p>\n<p style=\"font-weight: 400;\">C\/. Paseo de la Estaci\u00f3n M\u00e9dico Manuel Samper, 32 \u2013 03360 Callosa de Segura (Alicante)<\/p>\n<p style=\"font-weight: 400;\">En caso de no resolverse en 30 d\u00edas naturales, podr\u00e1 dirigirla a la Junta Arbitral de Consumo de la Comunidad Valenciana, en el tel\u00e9fono 012 (o el 963866000 para llamadas realizadas desde fuera de la Comunidad Valenciana) para las materias sometidas a dicho arbitraje por ser responsabilidad de la empresa comercializadora. M\u00e1s informaci\u00f3n sobre el \u00e1mbito de la oferta p\u00fablica de adhesi\u00f3n y sus limitaciones <a href=\"https:\/\/comercializacion.electricadecallosa.es\/web\/wp-content\/uploads\/2020\/12\/1930.pdf\" target=\"_blank\" rel=\"noopener\">aqu\u00ed [+]<\/a><\/p>\n<h3><strong>Tambi\u00e9n puede solicitar el arbitraje de forma telem\u00e1tica a trav\u00e9s de <a href=\"https:\/\/www.gva.es\/es\/inicio\/procedimientos?id_proc=2290&amp;version=amp\" target=\"_blank\" rel=\"noopener\">este enlace [+]<\/a><\/strong><\/h3>\n","protected":false},"excerpt":{"rendered":"<p>Informaci\u00f3n sobre reclamaciones Reclamaciones: (EL\u00c9CTRICA DE CALLOSA DE SEGURA, C.V.)\u00a0Telf. 900 101 603;\u00a0cooperativa@electricadecallosa.com\u00a0; [&hellip;]<\/p>\n","protected":false},"author":1,"featured_media":0,"parent":0,"menu_order":0,"comment_status":"closed","ping_status":"closed","template":"","meta":{"footnotes":""},"class_list":["post-13653","page","type-page","status-publish","hentry"],"_links":{"self":[{"href":"https:\/\/comercializacion.electricadecallosa.es\/web\/wp-json\/wp\/v2\/pages\/13653","targetHints":{"allow":["GET"]}}],"collection":[{"href":"https:\/\/comercializacion.electricadecallosa.es\/web\/wp-json\/wp\/v2\/pages"}],"about":[{"href":"https:\/\/comercializacion.electricadecallosa.es\/web\/wp-json\/wp\/v2\/types\/page"}],"author":[{"embeddable":true,"href":"https:\/\/comercializacion.electricadecallosa.es\/web\/wp-json\/wp\/v2\/users\/1"}],"replies":[{"embeddable":true,"href":"https:\/\/comercializacion.electricadecallosa.es\/web\/wp-json\/wp\/v2\/comments?post=13653"}],"version-history":[{"count":8,"href":"https:\/\/comercializacion.electricadecallosa.es\/web\/wp-json\/wp\/v2\/pages\/13653\/revisions"}],"predecessor-version":[{"id":13690,"href":"https:\/\/comercializacion.electricadecallosa.es\/web\/wp-json\/wp\/v2\/pages\/13653\/revisions\/13690"}],"wp:attachment":[{"href":"https:\/\/comercializacion.electricadecallosa.es\/web\/wp-json\/wp\/v2\/media?parent=13653"}],"curies":[{"name":"wp","href":"https:\/\/api.w.org\/{rel}","templated":true}]}}