{"id":13624,"date":"2022-06-03T16:23:47","date_gmt":"2022-06-03T16:23:47","guid":{"rendered":"https:\/\/comercializacion.electricadecallosa.es\/web\/?page_id=13624"},"modified":"2026-02-19T17:28:28","modified_gmt":"2026-02-19T17:28:28","slug":"tarifas","status":"publish","type":"page","link":"https:\/\/comercializacion.electricadecallosa.es\/web\/tarifas\/","title":{"rendered":"Tarifas vigentes"},"content":{"rendered":"<div class=\"fusion-fullwidth fullwidth-box fusion-builder-row-1 fusion-flex-container nonhundred-percent-fullwidth non-hundred-percent-height-scrolling\" style=\"background-color: rgba(255,255,255,0);background-position: center center;background-repeat: no-repeat;border-width: 0px 0px 0px 0px;border-color:#eae9e9;border-style:solid;\" ><div class=\"fusion-builder-row fusion-row fusion-flex-align-items-flex-start\" style=\"max-width:1216.8px;margin-left: calc(-4% \/ 2 );margin-right: calc(-4% \/ 2 );\"><div class=\"fusion-layout-column fusion_builder_column fusion-builder-column-0 fusion_builder_column_1_1 1_1 fusion-flex-column\"><div class=\"fusion-column-wrapper fusion-flex-justify-content-flex-start fusion-content-layout-column\" style=\"background-position:left top;background-repeat:no-repeat;-webkit-background-size:cover;-moz-background-size:cover;-o-background-size:cover;background-size:cover;padding: 0px 0px 0px 0px;\"><div class=\"fusion-text fusion-text-1\" style=\"transform:translate3d(0,0,0);\"><p>A continuaci\u00f3n les informamos sobre las tarifas aplicadas en cada tipo de contrato:<\/p>\n<\/div><div class=\"fusion-tabs fusion-tabs-1 classic horizontal-tabs icon-position-left\"><style type=\"text\/css\">.fusion-tabs.fusion-tabs-1 .nav-tabs li a.tab-link{border-top-color:#f6f6f6;background-color:#f6f6f6;}.fusion-tabs.fusion-tabs-1 .nav-tabs{background-color:rgba(255,255,255,0);}.fusion-tabs.fusion-tabs-1 .nav-tabs li.active a.tab-link,.fusion-tabs.fusion-tabs-1 .nav-tabs li.active a.tab-link:hover,.fusion-tabs.fusion-tabs-1 .nav-tabs li.active a.tab-link:focus{border-right-color:rgba(255,255,255,0);}.fusion-tabs.fusion-tabs-1 .nav-tabs li.active a.tab-link,.fusion-tabs.fusion-tabs-1 .nav-tabs li.active a.tab-link:hover,.fusion-tabs.fusion-tabs-1 .nav-tabs li.active a.tab-link:focus{background-color:rgba(255,255,255,0);}.fusion-tabs.fusion-tabs-1 .nav-tabs li a:hover{background-color:rgba(255,255,255,0);border-top-color:rgba(255,255,255,0);}.fusion-tabs.fusion-tabs-1 .tab-pane{background-color:rgba(255,255,255,0);}.fusion-tabs.fusion-tabs-1 .nav,.fusion-tabs.fusion-tabs-1 .nav-tabs,.fusion-tabs.fusion-tabs-1 .tab-content .tab-pane{border-color:#ebeaea;}<\/style><div class=\"nav\"><ul class=\"nav-tabs nav-justified\" role=\"tablist\"><li class=\"active\"><a class=\"tab-link\" data-toggle=\"tab\" role=\"tab\" aria-controls=\"tab-1315fa33080381d462e\" aria-selected=\"true\" id=\"fusion-tab-hasta10kw\" href=\"#tab-1315fa33080381d462e\"><h4 class=\"fusion-tab-heading\">Hasta 10 KW<\/h4><\/a><\/li><li><a class=\"tab-link\" data-toggle=\"tab\" role=\"tab\" aria-controls=\"tab-093804c7f18b0cde464\" aria-selected=\"false\" tabindex=\"-1\" id=\"fusion-tab-entre10kwy15kwdepotencia\" href=\"#tab-093804c7f18b0cde464\"><h4 class=\"fusion-tab-heading\">Entre 10KW y 15KW de potencia<\/h4><\/a><\/li><li><a class=\"tab-link\" data-toggle=\"tab\" role=\"tab\" aria-controls=\"tab-6864682f4068278121f\" aria-selected=\"false\" tabindex=\"-1\" id=\"fusion-tab-m\u00e1sde15kwdepotencia\" href=\"#tab-6864682f4068278121f\"><h4 class=\"fusion-tab-heading\">M\u00e1s de 15KW de potencia<\/h4><\/a><\/li><\/ul><\/div><div class=\"tab-content\"><div class=\"nav fusion-mobile-tab-nav\"><ul class=\"nav-tabs nav-justified\"><li class=\"active\"><a class=\"tab-link\" data-toggle=\"tab\" role=\"tab\" aria-controls=\"tab-1315fa33080381d462e\" aria-selected=\"true\" id=\"mobile-fusion-tab-hasta10kw\" href=\"#tab-1315fa33080381d462e\"><h4 class=\"fusion-tab-heading\">Hasta 10 KW<\/h4><\/a><\/li><\/ul><\/div><div class=\"tab-pane fade fusion-clearfix in active\" role=\"tabpanel\" tabindex=\"0\" aria-labelledby=\"fusion-tab-hasta10kw\" id=\"tab-1315fa33080381d462e\">\n<p><img decoding=\"async\" class=\"alignnone size-full wp-image-13855 aligncenter\" src=\"https:\/\/comercializacion.electricadecallosa.es\/web\/wp-content\/uploads\/2026\/02\/hasta_10.png\" alt=\"\" width=\"507\" height=\"312\" srcset=\"https:\/\/comercializacion.electricadecallosa.es\/web\/wp-content\/uploads\/2026\/02\/hasta_10-200x123.png 200w, https:\/\/comercializacion.electricadecallosa.es\/web\/wp-content\/uploads\/2026\/02\/hasta_10-300x185.png 300w, https:\/\/comercializacion.electricadecallosa.es\/web\/wp-content\/uploads\/2026\/02\/hasta_10-400x246.png 400w, https:\/\/comercializacion.electricadecallosa.es\/web\/wp-content\/uploads\/2026\/02\/hasta_10.png 507w\" sizes=\"(max-width: 507px) 100vw, 507px\" \/><\/p>\n<p style=\"text-align: center;\"><strong>TERMINO DE ENERG\u00cdA<\/strong><\/p>\n<p style=\"text-align: center;\"><em>PRECIO DE COSTE + CUOTA FIJA<\/em><\/p>\n<p>El precio del t\u00e9rmino de energ\u00eda se calcular\u00e1 mediante f\u00f3rmula indexada, la cual se compone de los siguientes conceptos:<\/p>\n<ul>\n<li>Precio medio del mercado diario durante el periodo de facturaci\u00f3n. Precio p\u00fablico disponible para su consulta\u00a0<a href=\"https:\/\/www.omie.es\/\">https:\/\/www.omie.es<\/a><u>\/<\/u><\/li>\n<li>Coste de los servicios de ajuste correspondientes a la \u00faltima liquidaci\u00f3n disponible en REE en el momento en el que se calcula el precio.<\/li>\n<li>Coste de los componentes regulados vigentes en cada momento que Incluye los pagos por capacidad, la financiaci\u00f3n al Operador del Mercado y al Operador del Sistema.<\/li>\n<li>Coeficientes de p\u00e9rdidas publicados por el Operador del Sistema. Es la energ\u00eda adicional que la comercializadora tiene que adquirir para el suministro al usuario final.<\/li>\n<li>Peajes de acceso y Cargos del sistema el\u00e9ctrico nacional publicados en la Resoluci\u00f3n de 18 de diciembre de 2025, de la Comisi\u00f3n Nacional de los Mercados y la Competencia, y en la Orden\/TED\/1524\/2025, de 23 de diciembre, del Ministerio para la Transici\u00f3n Ecol\u00f3gica y el Reto Demogr\u00e1fico , respectivamente.<\/li>\n<li>Impuesto municipal que actualmente es del 1,5%.<\/li>\n<li>Cuota fija\u00a0mensual <em>de 4,00 \u20ac.\u00a0(5,09 \u20ac. impuestos incluidos) para los socios de la Cooperativa.<\/em><\/li>\n<li><em>Cuota fija mensual de 5,00 \u20ac. (6,36 \u20ac. Impuestos incluidos) para los terceros no socios de la Cooperativa.<\/em><\/li>\n<\/ul>\n<p>Al precio resultante del t\u00e9rmino de energ\u00eda le ser\u00e1n de aplicaci\u00f3n los impuestos vigentes en cada momento. Actualmente el 5,11269632% de impuesto el\u00e9ctrico y el 21% de IVA.<\/p>\n<p>Financiaci\u00f3n del Bono Social: 0,019121 \u20ac\/d\u00eda (0,024319) impuestos incluidos) precios establecidos en la Orden\/TED\/1524\/2025, de 23 de diciembre, del Ministerio para la Transici\u00f3n Ecol\u00f3gica y el Reto Demogr\u00e1fico.<\/p>\n<ul>\n<li>La facturaci\u00f3n ser\u00e1 mensual y el procedimiento de pago se realizar\u00e1 mediante domiciliaci\u00f3n bancaria o mediante pago en la ventanilla de las oficinas de<br \/>\ncorreos. Se establece un periodo de 20 d\u00edas desde la fecha de emisi\u00f3n de la factura para realizar el pago.<\/li>\n<li>No se establece periodo de permanencia, pudiendo rescindir el consumidor el contrato de suministro de forma unilateral con anterioridad a la fecha de<br \/>\nfinalizaci\u00f3n sin penalizaci\u00f3n alguna.<\/li>\n<li>Si actualmente es usted beneficiario del Bono Social perder\u00e1 dicho beneficio al contratar con nuestra comercializadora. As\u00ed mismo, si usted dispone de una<br \/>\ntarifa acogida al Precio Voluntario para el Peque\u00f1o Consumidor (PVPC) al contratar con nuestra comercializadora perder\u00e1 cualquier posibilidad de<br \/>\nacogerse al Bono Social al que tendr\u00eda derecho en caso de cumplir con los requisitos establecidos.<\/li>\n<\/ul>\n<p style=\"text-align: center;\">Puede consultar las\u00a0<a href=\"https:\/\/comercializacion.electricadecallosa.es\/web\/wp-content\/uploads\/2022\/10\/CONDICIONES-GENERALES-DEL-CONTRATO.pdf\" target=\"_blank\" rel=\"noopener\">condiciones generales del contrato aqu\u00ed [+]<\/a><\/p>\n<\/div><div class=\"nav fusion-mobile-tab-nav\"><ul class=\"nav-tabs nav-justified\"><li><a class=\"tab-link\" data-toggle=\"tab\" role=\"tab\" aria-controls=\"tab-093804c7f18b0cde464\" aria-selected=\"false\" tabindex=\"-1\" id=\"mobile-fusion-tab-entre10kwy15kwdepotencia\" href=\"#tab-093804c7f18b0cde464\"><h4 class=\"fusion-tab-heading\">Entre 10KW y 15KW de potencia<\/h4><\/a><\/li><\/ul><\/div><div class=\"tab-pane fade fusion-clearfix\" role=\"tabpanel\" tabindex=\"0\" aria-labelledby=\"fusion-tab-entre10kwy15kwdepotencia\" id=\"tab-093804c7f18b0cde464\">\n<p><img decoding=\"async\" class=\"size-full wp-image-13857 aligncenter\" src=\"https:\/\/comercializacion.electricadecallosa.es\/web\/wp-content\/uploads\/2026\/02\/entre_10_y_15.png\" alt=\"\" width=\"522\" height=\"318\" srcset=\"https:\/\/comercializacion.electricadecallosa.es\/web\/wp-content\/uploads\/2026\/02\/entre_10_y_15-200x122.png 200w, https:\/\/comercializacion.electricadecallosa.es\/web\/wp-content\/uploads\/2026\/02\/entre_10_y_15-300x183.png 300w, https:\/\/comercializacion.electricadecallosa.es\/web\/wp-content\/uploads\/2026\/02\/entre_10_y_15-400x244.png 400w, https:\/\/comercializacion.electricadecallosa.es\/web\/wp-content\/uploads\/2026\/02\/entre_10_y_15.png 522w\" sizes=\"(max-width: 522px) 100vw, 522px\" \/><\/p>\n<p style=\"text-align: center;\"><strong>TERMINO DE ENERG\u00cdA<\/strong><\/p>\n<p style=\"text-align: center;\"><em>PRECIO DE COSTE + CUOTA FIJA<\/em><\/p>\n<p>El precio del t\u00e9rmino de energ\u00eda se calcular\u00e1 mediante f\u00f3rmula indexada, la cual se compone de los siguientes conceptos:<\/p>\n<ul>\n<li>Precio medio del mercado diario durante el periodo de facturaci\u00f3n. Precio p\u00fablico disponible para su consulta\u00a0<a href=\"https:\/\/www.omie.es\/\">https:\/\/www.omie.es<\/a><u>\/<\/u><\/li>\n<li>Coste de los servicios de ajuste correspondientes a la \u00faltima liquidaci\u00f3n disponible en REE en el momento en el que se calcula el precio.<\/li>\n<li>Coste de los componentes regulados vigentes en cada momento que Incluye los pagos por capacidad, la financiaci\u00f3n al Operador del Mercado y al Operador del Sistema.<\/li>\n<li>Coeficientes de p\u00e9rdidas publicados por el Operador del Sistema. Es la energ\u00eda adicional que la comercializadora tiene que adquirir para el suministro al usuario final.<\/li>\n<li>Peajes de acceso y Cargos del sistema el\u00e9ctrico nacional publicados en la Resoluci\u00f3n de 18 de diciembre de 2025, de la Comisi\u00f3n Nacional de los Mercados y la Competencia, y en la Orden\/TED\/1524\/2025, de 23 de diciembre, del Ministerio para la Transici\u00f3n Ecol\u00f3gica y el Reto Demogr\u00e1fico , respectivamente.<\/li>\n<li>Impuesto municipal que actualmente es del 1,5%.<\/li>\n<li>Cuota fija\u00a0mensual <em>de 4,00 \u20ac.\u00a0(5,09 \u20ac. impuestos incluidos) para los socios de la Cooperativa.<\/em><\/li>\n<li><em>Cuota fija mensual de 5,00 \u20ac. (6,36 \u20ac. Impuestos incluidos) para los terceros no socios de la Cooperativa.<\/em><\/li>\n<\/ul>\n<p>Al precio resultante del t\u00e9rmino de energ\u00eda le ser\u00e1n de aplicaci\u00f3n los impuestos vigentes en cada momento. Actualmente el 5,11269632% de impuesto el\u00e9ctrico y el 21% de IVA.<\/p>\n<p>Financiaci\u00f3n del Bono Social: 0,019121 \u20ac\/d\u00eda (0,024319) impuestos incluidos) precios establecidos en la Orden\/TED\/1524\/2025, de 23 de diciembre, del Ministerio para la Transici\u00f3n Ecol\u00f3gica y el Reto Demogr\u00e1fico.<\/p>\n<ul>\n<li>La facturaci\u00f3n ser\u00e1 mensual y el procedimiento de pago se realizar\u00e1 mediante domiciliaci\u00f3n bancaria o mediante pago en la ventanilla de las oficinas de<br \/>\ncorreos. Se establece un periodo de 20 d\u00edas desde la fecha de emisi\u00f3n de la factura para realizar el pago.<\/li>\n<li>No se establece periodo de permanencia, pudiendo rescindir el consumidor el contrato de suministro de forma unilateral con anterioridad a la fecha de<br \/>\nfinalizaci\u00f3n sin penalizaci\u00f3n alguna.<\/li>\n<li>Si actualmente es usted beneficiario del Bono Social perder\u00e1 dicho beneficio al contratar con nuestra comercializadora. As\u00ed mismo, si usted dispone de una<br \/>\ntarifa acogida al Precio Voluntario para el Peque\u00f1o Consumidor (PVPC) al contratar con nuestra comercializadora perder\u00e1 cualquier posibilidad de<br \/>\nacogerse al Bono Social al que tendr\u00eda derecho en caso de cumplir con los requisitos establecidos.<\/li>\n<\/ul>\n<p style=\"text-align: center;\">Puede consultar las\u00a0<a href=\"https:\/\/comercializacion.electricadecallosa.es\/web\/wp-content\/uploads\/2022\/10\/CONDICIONES-GENERALES-DEL-CONTRATO.pdf\" target=\"_blank\" rel=\"noopener\">condiciones generales del contrato aqu\u00ed [+]<\/a><\/p>\n<\/div><div class=\"nav fusion-mobile-tab-nav\"><ul class=\"nav-tabs nav-justified\"><li><a class=\"tab-link\" data-toggle=\"tab\" role=\"tab\" aria-controls=\"tab-6864682f4068278121f\" aria-selected=\"false\" tabindex=\"-1\" id=\"mobile-fusion-tab-m\u00e1sde15kwdepotencia\" href=\"#tab-6864682f4068278121f\"><h4 class=\"fusion-tab-heading\">M\u00e1s de 15KW de potencia<\/h4><\/a><\/li><\/ul><\/div><div class=\"tab-pane fade fusion-clearfix\" role=\"tabpanel\" tabindex=\"0\" aria-labelledby=\"fusion-tab-m\u00e1sde15kwdepotencia\" id=\"tab-6864682f4068278121f\">\n<p style=\"text-align: center;\"><img decoding=\"async\" class=\"alignnone size-full wp-image-13859\" src=\"https:\/\/comercializacion.electricadecallosa.es\/web\/wp-content\/uploads\/2026\/02\/mas_15.png\" alt=\"\" width=\"538\" height=\"400\" srcset=\"https:\/\/comercializacion.electricadecallosa.es\/web\/wp-content\/uploads\/2026\/02\/mas_15-200x149.png 200w, https:\/\/comercializacion.electricadecallosa.es\/web\/wp-content\/uploads\/2026\/02\/mas_15-300x223.png 300w, https:\/\/comercializacion.electricadecallosa.es\/web\/wp-content\/uploads\/2026\/02\/mas_15-400x297.png 400w, https:\/\/comercializacion.electricadecallosa.es\/web\/wp-content\/uploads\/2026\/02\/mas_15.png 538w\" sizes=\"(max-width: 538px) 100vw, 538px\" \/><\/p>\n<p style=\"text-align: center;\"><strong>TERMINO DE ENERG\u00cdA<\/strong><\/p>\n<p><em>PRECIO DE COSTE + MARGEN COMERCIAL DE 0,015 \u20ac\/Kwh.<\/em><\/p>\n<p>El precio del t\u00e9rmino de energ\u00eda se calcular\u00e1 mediante f\u00f3rmula indexada, la cual se compone de los siguientes conceptos:<\/p>\n<ul>\n<li>Precio medio del mercado diario durante el periodo de facturaci\u00f3n. Precio p\u00fablico disponible para su consulta\u00a0<a href=\"https:\/\/www.omie.es\/\">https:\/\/www.omie.es<\/a><u>\/<\/u><\/li>\n<li>Coste de los servicios de ajuste correspondientes a la \u00faltima liquidaci\u00f3n disponible en REE en el momento en el que se calcula el precio.<\/li>\n<li>Coste de los componentes regulados vigentes en cada momento que Incluye los pagos por capacidad, la financiaci\u00f3n al Operador del Mercado y al Operador del Sistema.<\/li>\n<li>Coeficientes de p\u00e9rdidas publicados por el Operador del Sistema. Es la energ\u00eda adicional que la comercializadora tiene que adquirir para el suministro al usuario final.<\/li>\n<li>Peajes de acceso y Cargos del sistema el\u00e9ctrico nacional publicados en la Resoluci\u00f3n de 18 de diciembre de 2025, de la Comisi\u00f3n Nacional de los Mercados y la Competencia, y en la Orden\/TED\/1524\/2025, de 23 de diciembre, del Ministerio para la Transici\u00f3n Ecol\u00f3gica y el Reto Demogr\u00e1fico , respectivamente.<\/li>\n<li>Impuesto municipal que actualmente es del 1,5%.<\/li>\n<li>Cuota fija\u00a0mensual <em>de 4,00 \u20ac.\u00a0(5,09 \u20ac. impuestos incluidos) para los socios de la Cooperativa.<\/em><\/li>\n<li><em>Cuota fija mensual de 5,00 \u20ac. (6,36 \u20ac. Impuestos incluidos) para los terceros no socios de la Cooperativa.<\/em><\/li>\n<\/ul>\n<p>Al precio resultante del t\u00e9rmino de energ\u00eda le ser\u00e1n de aplicaci\u00f3n los impuestos vigentes en cada momento. Actualmente el 5,11269632% de impuesto el\u00e9ctrico y el 21% de IVA.<\/p>\n<p>Financiaci\u00f3n del Bono Social: 0,019121 \u20ac\/d\u00eda (0,024319) impuestos incluidos) precios establecidos en la Orden\/TED\/1524\/2025, de 23 de diciembre, del Ministerio para la Transici\u00f3n Ecol\u00f3gica y el Reto Demogr\u00e1fico.<\/p>\n<ul>\n<li>La facturaci\u00f3n ser\u00e1 mensual y el procedimiento de pago se realizar\u00e1 mediante domiciliaci\u00f3n bancaria o mediante pago en la ventanilla de las oficinas de<br \/>\ncorreos. Se establece un periodo de 20 d\u00edas desde la fecha de emisi\u00f3n de la factura para realizar el pago.<\/li>\n<li>No se establece periodo de permanencia, pudiendo rescindir el consumidor el contrato de suministro de forma unilateral con anterioridad a la fecha de<br \/>\nfinalizaci\u00f3n sin penalizaci\u00f3n alguna.<\/li>\n<li>Si actualmente es usted beneficiario del Bono Social perder\u00e1 dicho beneficio al contratar con nuestra comercializadora. As\u00ed mismo, si usted dispone de una<br \/>\ntarifa acogida al Precio Voluntario para el Peque\u00f1o Consumidor (PVPC) al contratar con nuestra comercializadora perder\u00e1 cualquier posibilidad de<br \/>\nacogerse al Bono Social al que tendr\u00eda derecho en caso de cumplir con los requisitos establecidos.<\/li>\n<\/ul>\n<p style=\"text-align: center;\">Puede consultar las\u00a0<a href=\"https:\/\/comercializacion.electricadecallosa.es\/web\/wp-content\/uploads\/2022\/10\/CONDICIONES-GENERALES-DEL-CONTRATO.pdf\" target=\"_blank\" rel=\"noopener\">condiciones generales del contrato aqu\u00ed [+]<\/a><\/p>\n<\/div><\/div><\/div><div class=\"fusion-text fusion-text-2\" style=\"transform:translate3d(0,0,0);\"><h3 style=\"text-align: center;\"><strong>Puede consultar las <a href=\"https:\/\/comercializacion.electricadecallosa.es\/web\/wp-content\/uploads\/2022\/10\/CONDICIONES-GENERALES-DEL-CONTRATO.pdf\" target=\"_blank\" rel=\"noopener\">condiciones generales del contrato aqu\u00ed [+]<\/a><\/strong><\/h3>\n<\/div><\/div><\/div><style type=\"text\/css\">.fusion-body .fusion-builder-column-0{width:100% !important;margin-top : 0px;margin-bottom : 20px;}.fusion-builder-column-0 > .fusion-column-wrapper {padding-top : 0px !important;padding-right : 0px !important;margin-right : 1.92%;padding-bottom : 0px !important;padding-left : 0px !important;margin-left : 1.92%;}@media only screen and (max-width:1024px) {.fusion-body .fusion-builder-column-0{width:100% !important;order : 0;}.fusion-builder-column-0 > .fusion-column-wrapper {margin-right : 1.92%;margin-left : 1.92%;}}@media only screen and (max-width:640px) {.fusion-body .fusion-builder-column-0{width:100% !important;order : 0;}.fusion-builder-column-0 > .fusion-column-wrapper {margin-right : 1.92%;margin-left : 1.92%;}}<\/style><\/div><style type=\"text\/css\">.fusion-body .fusion-flex-container.fusion-builder-row-1{ padding-top : 0px;margin-top : 0px;padding-right : 0px;padding-bottom : 0px;margin-bottom : 0px;padding-left : 0px;}<\/style><\/div>\n","protected":false},"excerpt":{"rendered":"","protected":false},"author":1,"featured_media":0,"parent":0,"menu_order":0,"comment_status":"closed","ping_status":"closed","template":"","meta":{"footnotes":""},"class_list":["post-13624","page","type-page","status-publish","hentry"],"_links":{"self":[{"href":"https:\/\/comercializacion.electricadecallosa.es\/web\/wp-json\/wp\/v2\/pages\/13624","targetHints":{"allow":["GET"]}}],"collection":[{"href":"https:\/\/comercializacion.electricadecallosa.es\/web\/wp-json\/wp\/v2\/pages"}],"about":[{"href":"https:\/\/comercializacion.electricadecallosa.es\/web\/wp-json\/wp\/v2\/types\/page"}],"author":[{"embeddable":true,"href":"https:\/\/comercializacion.electricadecallosa.es\/web\/wp-json\/wp\/v2\/users\/1"}],"replies":[{"embeddable":true,"href":"https:\/\/comercializacion.electricadecallosa.es\/web\/wp-json\/wp\/v2\/comments?post=13624"}],"version-history":[{"count":27,"href":"https:\/\/comercializacion.electricadecallosa.es\/web\/wp-json\/wp\/v2\/pages\/13624\/revisions"}],"predecessor-version":[{"id":13860,"href":"https:\/\/comercializacion.electricadecallosa.es\/web\/wp-json\/wp\/v2\/pages\/13624\/revisions\/13860"}],"wp:attachment":[{"href":"https:\/\/comercializacion.electricadecallosa.es\/web\/wp-json\/wp\/v2\/media?parent=13624"}],"curies":[{"name":"wp","href":"https:\/\/api.w.org\/{rel}","templated":true}]}}