{"id":13127,"date":"2020-12-28T19:41:08","date_gmt":"2020-12-28T19:41:08","guid":{"rendered":"https:\/\/comercializacion.electricadecallosa.es\/web\/?page_id=13127"},"modified":"2022-04-03T09:55:25","modified_gmt":"2022-04-03T09:55:25","slug":"contacto","status":"publish","type":"page","link":"https:\/\/comercializacion.electricadecallosa.es\/web\/contacto\/","title":{"rendered":"Contacto"},"content":{"rendered":"<div class=\"fusion-fullwidth fullwidth-box fusion-builder-row-1 fusion-flex-container nonhundred-percent-fullwidth non-hundred-percent-height-scrolling\" style=\"background-color: rgba(255,255,255,0);background-position: right top;background-repeat: no-repeat;border-width: 0px 0px 0px 0px;border-color:#eae9e9;border-style:solid;\" ><div class=\"fusion-builder-row fusion-row fusion-flex-align-items-flex-start\" style=\"max-width:1216.8px;margin-left: calc(-4% \/ 2 );margin-right: calc(-4% \/ 2 );\"><div class=\"fusion-layout-column fusion_builder_column fusion-builder-column-0 fusion-flex-column\"><div class=\"fusion-column-wrapper fusion-flex-justify-content-flex-start fusion-content-layout-column\" style=\"background-position:center center;background-repeat:no-repeat;-webkit-background-size:cover;-moz-background-size:cover;-o-background-size:cover;background-size:cover;padding: 0px 0px 0px 0px;\"><\/div><\/div><style type=\"text\/css\">.fusion-body .fusion-builder-column-0{width:10% !important;margin-top : 0px;margin-bottom : 20px;}.fusion-builder-column-0 > .fusion-column-wrapper {padding-top : 0px !important;padding-right : 0px !important;margin-right : 19.2%;padding-bottom : 0px !important;padding-left : 0px !important;margin-left : 19.2%;}@media only screen and (max-width:1024px) {.fusion-body .fusion-builder-column-0{width:100% !important;order : 0;}.fusion-builder-column-0 > .fusion-column-wrapper {margin-right : 1.92%;margin-left : 1.92%;}}@media only screen and (max-width:640px) {.fusion-body .fusion-builder-column-0{width:100% !important;order : 0;}.fusion-builder-column-0 > .fusion-column-wrapper {margin-right : 1.92%;margin-left : 1.92%;}}<\/style><div class=\"fusion-layout-column fusion_builder_column fusion-builder-column-1 fusion-flex-column fusion-animated\" data-animationType=\"slideInUp\" data-animationDuration=\"0.5\" data-animationOffset=\"100%\"><div class=\"fusion-column-wrapper fusion-flex-justify-content-flex-start fusion-content-layout-column\" style=\"background-position:left top;background-repeat:no-repeat;-webkit-background-size:cover;-moz-background-size:cover;-o-background-size:cover;background-size:cover;padding: 0px 0px 0px 0px;\"><div ><div class=\"fusion-image-frame-bottomshadow image-frame-shadow-1\"><style>.element-bottomshadow.imageframe-1:before, .element-bottomshadow.imageframe-1:after{-webkit-box-shadow: 0 17px 10px rgba(0,0,0,0.4);box-shadow: 0 17px 10px rgba(0,0,0,0.4);}<\/style><span class=\" fusion-imageframe imageframe-bottomshadow imageframe-1 element-bottomshadow hover-type-none\"><img decoding=\"async\" width=\"1024\" height=\"513\" title=\"oficina\" src=\"https:\/\/comercializacion.electricadecallosa.es\/web\/wp-content\/uploads\/2021\/01\/oficina-1024x513.jpg\" class=\"img-responsive wp-image-13406\" srcset=\"https:\/\/comercializacion.electricadecallosa.es\/web\/wp-content\/uploads\/2021\/01\/oficina-200x100.jpg 200w, https:\/\/comercializacion.electricadecallosa.es\/web\/wp-content\/uploads\/2021\/01\/oficina-400x200.jpg 400w, https:\/\/comercializacion.electricadecallosa.es\/web\/wp-content\/uploads\/2021\/01\/oficina-600x300.jpg 600w, https:\/\/comercializacion.electricadecallosa.es\/web\/wp-content\/uploads\/2021\/01\/oficina-800x401.jpg 800w, https:\/\/comercializacion.electricadecallosa.es\/web\/wp-content\/uploads\/2021\/01\/oficina-1200x601.jpg 1200w, https:\/\/comercializacion.electricadecallosa.es\/web\/wp-content\/uploads\/2021\/01\/oficina.jpg 1420w\" sizes=\"(max-width: 1024px) 100vw, (max-width: 640px) 100vw, 1200px\" \/><\/span><\/div><\/div><style type=\"text\/css\">@media only screen and (max-width:1024px) {.fusion-title.fusion-title-1{margin-top:0px!important;margin-bottom:30px!important;}}<\/style><div class=\"fusion-title title fusion-title-1 fusion-title-center fusion-title-text fusion-title-size-one\" style=\"margin-top:0px;margin-bottom:30px;\"><div class=\"title-sep-container title-sep-container-left\"><div class=\"title-sep sep-\" style=\"border-color:#e0dede;\"><\/div><\/div><h1 class=\"title-heading-center\" style=\"margin:0;\">Contacto<\/h1><div class=\"title-sep-container title-sep-container-right\"><div class=\"title-sep sep-\" style=\"border-color:#e0dede;\"><\/div><\/div><\/div><div class=\"fusion-separator fusion-has-icon fusion-full-width-sep\" style=\"align-self: center;margin-left: auto;margin-right: auto;margin-top:-40px;width:100%;\"><div class=\"fusion-separator-border sep-single sep-solid\" style=\"border-color:#507eac;border-top-width:3px;\"><\/div><span class=\"icon-wrapper\" style=\"border-color:transparent;font-size:30px;width: 1.75em; height: 1.75em;border-width:3px;padding:3px;margin-top:-1.5px\"><i class=\"fa-address-book fas\" style=\"font-size: inherit;color:#ff9900;\" aria-hidden=\"true\"><\/i><\/span><div class=\"fusion-separator-border sep-single sep-solid\" style=\"border-color:#507eac;border-top-width:3px;\"><\/div><\/div><div class=\"fusion-text fusion-text-1\" style=\"transform:translate3d(0,0,0);\"><p><strong>Horario de atenci\u00f3n al p\u00fablico<\/strong>:<\/p>\n<ul>\n<li>De Lunes a Viernes: de 8,00 a 15,00 horas.<\/li>\n<\/ul>\n<p>Tel\u00e9fono:\u00a0\u00a0<strong>96 531 01 73\u00a0\u00a0\u2013\u00a0\u00a0900 101 603<br \/>\n<\/strong>Fax:\u00a0\u00a0<strong>96 675 66 73<br \/>\n<\/strong>Tel\u00e9fono de guardia 24 horas:\u00a0\u00a0<strong>900 649 120<\/strong><\/p>\n<p>Email: \u00a0<a href=\"mailto:cooperativa@electricadecallosa.com\">cooperativa@electricadecallosa.com<\/a><\/p>\n<\/div><div class=\"fusion-text fusion-text-2\" style=\"transform:translate3d(0,0,0);\"><p>Tambi\u00e9n puede contactar con nosotros a trav\u00e9s del siguiente formulario:<\/p>\n<\/div><div class=\"fusion-text fusion-text-3\" style=\"transform:translate3d(0,0,0);\"><div class=\"wpforms-container wpforms-container-full\" id=\"wpforms-13601\"><form id=\"wpforms-form-13601\" class=\"wpforms-validate wpforms-form wpforms-ajax-form\" data-formid=\"13601\" method=\"post\" enctype=\"multipart\/form-data\" action=\"\/web\/wp-json\/wp\/v2\/pages\/13127\" data-token=\"d4ab183bf5f9abed52ec1633c0d1c3d2\" data-token-time=\"1776207765\"><noscript class=\"wpforms-error-noscript\">Por favor, activa JavaScript en tu navegador para completar este formulario.<\/noscript><div class=\"wpforms-field-container\"><div id=\"wpforms-13601-field_0-container\" class=\"wpforms-field wpforms-field-name\" data-field-id=\"0\"><label class=\"wpforms-field-label\" for=\"wpforms-13601-field_0\">Nombre <span class=\"wpforms-required-label\">*<\/span><\/label><input type=\"text\" id=\"wpforms-13601-field_0\" class=\"wpforms-field-medium wpforms-field-required\" name=\"wpforms[fields][0]\" required><\/div><div id=\"wpforms-13601-field_1-container\" class=\"wpforms-field wpforms-field-email\" data-field-id=\"1\"><label class=\"wpforms-field-label\" for=\"wpforms-13601-field_1\">Email <span class=\"wpforms-required-label\">*<\/span><\/label><input type=\"email\" id=\"wpforms-13601-field_1\" class=\"wpforms-field-medium wpforms-field-required\" name=\"wpforms[fields][1]\" spellcheck=\"false\" required><\/div><div id=\"wpforms-13601-field_2-container\" class=\"wpforms-field wpforms-field-textarea\" data-field-id=\"2\"><label class=\"wpforms-field-label\" for=\"wpforms-13601-field_2\">Mensaje <span class=\"wpforms-required-label\">*<\/span><\/label><textarea id=\"wpforms-13601-field_2\" class=\"wpforms-field-medium wpforms-field-required\" name=\"wpforms[fields][2]\" required><\/textarea><\/div><div id=\"wpforms-13601-field_3-container\" class=\"wpforms-field wpforms-field-checkbox\" data-field-id=\"3\"><label class=\"wpforms-field-label\">RGPD <span class=\"wpforms-required-label\">*<\/span><\/label><ul id=\"wpforms-13601-field_3\" class=\"wpforms-field-required\"><li class=\"choice-1 depth-1\"><input type=\"checkbox\" id=\"wpforms-13601-field_3_1\" name=\"wpforms[fields][3][]\" value=\"Consiento el uso de mis datos personales para que atiendan mi solicitud, seg\u00fan lo establecido en su Pol\u00edtica de Privacidad\" required ><label class=\"wpforms-field-label-inline\" for=\"wpforms-13601-field_3_1\">Consiento el uso de mis datos personales para que atiendan mi solicitud, seg\u00fan lo establecido en su Pol\u00edtica de Privacidad<\/label><\/li><\/ul><div class=\"wpforms-field-description\"><br>\r\n<strong>Informaci\u00f3n b\u00e1sica sobre la Normativa de protecci\u00f3n de datos personales:<\/strong><br>\r\n<table  >\r\n<tbody>\r\n<tr>\r\n<td  >\r\nResponsable: \r\n<\/td>\r\n<td  >\r\nELECTRICA DE CALLOSA DE SEGURA, C.V.\r\n<\/td>\r\n<\/tr>\r\n<tr>\r\n<td  >\r\nDirecci\u00f3n postal: \r\n<\/td>\r\n<td  >\r\nC\/ Paseo Estaci\u00f3n M\u00e9dico Manuel Samper, 32, 03360, Callosa de Segura (Alicante)\r\n<\/td>\r\n<\/tr>\r\n<tr>\r\n<td  >\r\nDelegado de protecci\u00f3n de datos: \r\n<\/td>\r\n<td  >\r\nBusiness Adapter SL\u00a0\u00a0\u00a0\u00a0\u00a0\u00a0\u00a0\u00a0\u00a0\u00a0\u00a0\u00a0 Email de contacto: <a href=\"mailto:info@businessadapter.es\">info@businessadapter.es<\/a>\r\n<\/td>\r\n<\/tr>\r\n<tr>\r\n<td  >\r\nFinalidad: \r\n<\/td>\r\n<td  >\r\nSus datos ser\u00e1n usados para atender sus solicitudes, relacionarnos con usted y prestarle nuestros servicios si as\u00ed lo decide.\r\n<\/td>\r\n<\/tr>\r\n<tr>\r\n<td  >\r\nDerechos: \r\n<\/td>\r\n<td  >\r\nTiene derecho a saber qu\u00e9 informaci\u00f3n tenemos sobre usted, corregirla y eliminarla dirigi\u00e9ndose a <a href=\"mailto:cooperativa@electricadecallosa.com\">cooperativa@electricadecallosa.com<\/a>\r\n<\/td>\r\n<\/tr>\r\n<tr>\r\n<td  >\r\nM\u00e1s informaci\u00f3n: \r\n<\/td>\r\n<td  >\r\nDispone de m\u00e1s informaci\u00f3n en nuestra \u201c<a href=\"https:\/\/comercializacion.electricadecallosa.es\/web\/politica-de-privacidad\/\">Pol\u00edtica de Privacidad<\/a><\/u>\u201d\r\n<\/td>\r\n<\/tr>\r\n<\/tbody>\r\n<\/table><\/div><\/div><\/div><!-- .wpforms-field-container --><div class=\"wpforms-submit-container\" ><input type=\"hidden\" name=\"wpforms[id]\" value=\"13601\"><input type=\"hidden\" name=\"page_title\" value=\"\"><input type=\"hidden\" name=\"page_url\" value=\"https:\/\/comercializacion.electricadecallosa.es\/web\/wp-json\/wp\/v2\/pages\/13127\"><button type=\"submit\" name=\"wpforms[submit]\" id=\"wpforms-submit-13601\" class=\"wpforms-submit\" data-alt-text=\"Enviando .... \" data-submit-text=\"Enviar\" aria-live=\"assertive\" value=\"wpforms-submit\">Enviar<\/button><img decoding=\"async\" src=\"https:\/\/comercializacion.electricadecallosa.es\/web\/wp-content\/plugins\/wpforms\/assets\/images\/submit-spin.svg\" class=\"wpforms-submit-spinner\" style=\"display: none;\" width=\"26\" height=\"26\" alt=\"Cargando\"><\/div><\/form><\/div>  <!-- .wpforms-container -->\n<\/div><\/div><\/div><style type=\"text\/css\">.fusion-body .fusion-builder-column-1{width:80% !important;margin-top : 0px;margin-bottom : 20px;}.fusion-builder-column-1 > .fusion-column-wrapper {padding-top : 0px !important;padding-right : 0px !important;margin-right : 2.4%;padding-bottom : 0px !important;padding-left : 0px !important;margin-left : 2.4%;}@media only screen and (max-width:1024px) {.fusion-body .fusion-builder-column-1{width:100% !important;order : 0;}.fusion-builder-column-1 > .fusion-column-wrapper {margin-right : 1.92%;margin-left : 1.92%;}}@media only screen and (max-width:640px) {.fusion-body .fusion-builder-column-1{width:100% !important;order : 0;}.fusion-builder-column-1 > .fusion-column-wrapper {margin-right : 1.92%;margin-left : 1.92%;}}<\/style><div class=\"fusion-layout-column fusion_builder_column fusion-builder-column-2 fusion-flex-column\"><div class=\"fusion-column-wrapper fusion-flex-justify-content-flex-start fusion-content-layout-column\" style=\"background-position:center center;background-repeat:no-repeat;-webkit-background-size:cover;-moz-background-size:cover;-o-background-size:cover;background-size:cover;padding: 0px 0px 0px 0px;\"><\/div><\/div><style type=\"text\/css\">.fusion-body .fusion-builder-column-2{width:10% !important;margin-top : 0px;margin-bottom : 20px;}.fusion-builder-column-2 > .fusion-column-wrapper {padding-top : 0px !important;padding-right : 0px !important;margin-right : 19.2%;padding-bottom : 0px !important;padding-left : 0px !important;margin-left : 19.2%;}@media only screen and (max-width:1024px) {.fusion-body .fusion-builder-column-2{width:100% !important;order : 0;}.fusion-builder-column-2 > .fusion-column-wrapper {margin-right : 1.92%;margin-left : 1.92%;}}@media only screen and (max-width:640px) {.fusion-body .fusion-builder-column-2{width:100% !important;order : 0;}.fusion-builder-column-2 > .fusion-column-wrapper {margin-right : 1.92%;margin-left : 1.92%;}}<\/style><\/div><style type=\"text\/css\">.fusion-body .fusion-flex-container.fusion-builder-row-1{ padding-top : 0px;margin-top : 0px;padding-right : 0px;padding-bottom : 0px;margin-bottom : 0px;padding-left : 0px;}<\/style><\/div>\n","protected":false},"excerpt":{"rendered":"","protected":false},"author":3,"featured_media":0,"parent":0,"menu_order":0,"comment_status":"closed","ping_status":"closed","template":"","meta":{"footnotes":""},"class_list":["post-13127","page","type-page","status-publish","hentry"],"_links":{"self":[{"href":"https:\/\/comercializacion.electricadecallosa.es\/web\/wp-json\/wp\/v2\/pages\/13127","targetHints":{"allow":["GET"]}}],"collection":[{"href":"https:\/\/comercializacion.electricadecallosa.es\/web\/wp-json\/wp\/v2\/pages"}],"about":[{"href":"https:\/\/comercializacion.electricadecallosa.es\/web\/wp-json\/wp\/v2\/types\/page"}],"author":[{"embeddable":true,"href":"https:\/\/comercializacion.electricadecallosa.es\/web\/wp-json\/wp\/v2\/users\/3"}],"replies":[{"embeddable":true,"href":"https:\/\/comercializacion.electricadecallosa.es\/web\/wp-json\/wp\/v2\/comments?post=13127"}],"version-history":[{"count":25,"href":"https:\/\/comercializacion.electricadecallosa.es\/web\/wp-json\/wp\/v2\/pages\/13127\/revisions"}],"predecessor-version":[{"id":13607,"href":"https:\/\/comercializacion.electricadecallosa.es\/web\/wp-json\/wp\/v2\/pages\/13127\/revisions\/13607"}],"wp:attachment":[{"href":"https:\/\/comercializacion.electricadecallosa.es\/web\/wp-json\/wp\/v2\/media?parent=13127"}],"curies":[{"name":"wp","href":"https:\/\/api.w.org\/{rel}","templated":true}]}}