{"id":13111,"date":"2020-12-28T18:21:09","date_gmt":"2020-12-28T18:21:09","guid":{"rendered":"https:\/\/comercializacion.electricadecallosa.es\/web\/?page_id=13111"},"modified":"2024-07-11T05:49:31","modified_gmt":"2024-07-11T05:49:31","slug":"documentos","status":"publish","type":"page","link":"https:\/\/comercializacion.electricadecallosa.es\/web\/documentos\/","title":{"rendered":"Documentos"},"content":{"rendered":"<p><div class=\"fusion-fullwidth fullwidth-box fusion-builder-row-1 fusion-flex-container nonhundred-percent-fullwidth non-hundred-percent-height-scrolling\" style=\"background-color: rgba(255,255,255,0);background-position: center center;background-repeat: no-repeat;border-width: 0px 0px 0px 0px;border-color:#eae9e9;border-style:solid;\" ><div class=\"fusion-builder-row fusion-row fusion-flex-align-items-flex-start\" style=\"max-width:1216.8px;margin-left: calc(-4% \/ 2 );margin-right: calc(-4% \/ 2 );\"><div class=\"fusion-layout-column fusion_builder_column fusion-builder-column-0 fusion_builder_column_1_1 1_1 fusion-flex-column\"><div class=\"fusion-column-wrapper fusion-flex-justify-content-flex-start fusion-content-layout-column\" style=\"background-position:left top;background-repeat:no-repeat;-webkit-background-size:cover;-moz-background-size:cover;-o-background-size:cover;background-size:cover;padding: 0px 0px 0px 0px;\"><div ><div class=\"imageframe-liftup imageframe-1\"><style>.imageframe-liftup.imageframe-1:before{border-radius:5px;}<\/style><span class=\" fusion-imageframe imageframe-dropshadow imageframe-1 fusion-animated\" style=\"border-radius:5px;-webkit-box-shadow: 0px 0px 4px rgba(0,0,0,0.3);box-shadow: 0px 0px 4px rgba(0,0,0,0.3);\" data-animationType=\"slideInLeft\" data-animationDuration=\"0.5\" data-animationOffset=\"100%\"><\/span><\/div><\/div><\/div><\/div><style type=\"text\/css\">.fusion-body .fusion-builder-column-0{width:100% !important;margin-top : 0px;margin-bottom : 20px;}.fusion-builder-column-0 > .fusion-column-wrapper {padding-top : 0px !important;padding-right : 0px !important;margin-right : 1.92%;padding-bottom : 0px !important;padding-left : 0px !important;margin-left : 1.92%;}@media only screen and (max-width:1024px) {.fusion-body .fusion-builder-column-0{width:100% !important;order : 0;}.fusion-builder-column-0 > .fusion-column-wrapper {margin-right : 1.92%;margin-left : 1.92%;}}@media only screen and (max-width:640px) {.fusion-body .fusion-builder-column-0{width:100% !important;order : 0;}.fusion-builder-column-0 > .fusion-column-wrapper {margin-right : 1.92%;margin-left : 1.92%;}}<\/style><\/div><style type=\"text\/css\">.fusion-body .fusion-flex-container.fusion-builder-row-1{ padding-top : 0px;margin-top : 0px;padding-right : 0px;padding-bottom : 0px;margin-bottom : 0px;padding-left : 0px;}<\/style><\/div><div class=\"fusion-fullwidth fullwidth-box fusion-builder-row-2 fusion-flex-container nonhundred-percent-fullwidth non-hundred-percent-height-scrolling\" style=\"background-color: rgba(255,255,255,0);background-position: center center;background-repeat: no-repeat;border-width: 0px 0px 0px 0px;border-color:#eae9e9;border-style:solid;\" ><div class=\"fusion-builder-row fusion-row fusion-flex-align-items-flex-start\" style=\"max-width:1216.8px;margin-left: calc(-4% \/ 2 );margin-right: calc(-4% \/ 2 );\"><div class=\"fusion-layout-column fusion_builder_column fusion-builder-column-1 fusion_builder_column_1_1 1_1 fusion-flex-column\"><div class=\"fusion-column-wrapper fusion-flex-justify-content-flex-start fusion-content-layout-column\" style=\"background-position:left top;background-repeat:no-repeat;-webkit-background-size:cover;-moz-background-size:cover;-o-background-size:cover;background-size:cover;padding: 0px 0px 0px 0px;\"><style type=\"text\/css\">@media only screen and (max-width:1024px) {.fusion-title.fusion-title-1{margin-top:0px!important;margin-bottom:30px!important;}}<\/style><div class=\"fusion-title title fusion-title-1 fusion-title-center fusion-title-text fusion-title-size-one\" style=\"margin-top:0px;margin-bottom:30px;\"><div class=\"title-sep-container title-sep-container-left\"><div class=\"title-sep sep-\" style=\"border-color:#e0dede;\"><\/div><\/div><h1 class=\"title-heading-center\" style=\"margin:0;\">Documentos<\/h1><div class=\"title-sep-container title-sep-container-right\"><div class=\"title-sep sep-\" style=\"border-color:#e0dede;\"><\/div><\/div><\/div><div class=\"fusion-separator fusion-has-icon fusion-full-width-sep\" style=\"align-self: center;margin-left: auto;margin-right: auto;margin-top:-40px;width:100%;\"><div class=\"fusion-separator-border sep-single sep-solid\" style=\"border-color:#507eac;border-top-width:3px;\"><\/div><span class=\"icon-wrapper\" style=\"border-color:transparent;font-size:30px;width: 1.75em; height: 1.75em;border-width:3px;padding:3px;margin-top:-1.5px\"><i class=\"fa-file-pdf fas\" style=\"font-size: inherit;color:#ff9900;\" aria-hidden=\"true\"><\/i><\/span><div class=\"fusion-separator-border sep-single sep-solid\" style=\"border-color:#507eac;border-top-width:3px;\"><\/div><\/div><\/div><\/div><style type=\"text\/css\">.fusion-body .fusion-builder-column-1{width:100% !important;margin-top : 0px;margin-bottom : 20px;}.fusion-builder-column-1 > .fusion-column-wrapper {padding-top : 0px !important;padding-right : 0px !important;margin-right : 1.92%;padding-bottom : 0px !important;padding-left : 0px !important;margin-left : 1.92%;}@media only screen and (max-width:1024px) {.fusion-body .fusion-builder-column-1{width:100% !important;order : 0;}.fusion-builder-column-1 > .fusion-column-wrapper {margin-right : 1.92%;margin-left : 1.92%;}}@media only screen and (max-width:640px) {.fusion-body .fusion-builder-column-1{width:100% !important;order : 0;}.fusion-builder-column-1 > .fusion-column-wrapper {margin-right : 1.92%;margin-left : 1.92%;}}<\/style><\/div><style type=\"text\/css\">.fusion-body .fusion-flex-container.fusion-builder-row-2{ padding-top : 90px;margin-top : 0px;padding-right : 0px;padding-bottom : 0px;margin-bottom : 0px;padding-left : 0px;}<\/style><\/div><div class=\"fusion-fullwidth fullwidth-box fusion-builder-row-3 fusion-flex-container nonhundred-percent-fullwidth non-hundred-percent-height-scrolling\" style=\"background-color: rgba(255,255,255,0);background-position: center center;background-repeat: no-repeat;border-width: 0px 0px 0px 0px;border-color:#eae9e9;border-style:solid;\" ><div class=\"fusion-builder-row fusion-row fusion-flex-align-items-flex-start\" style=\"max-width:1216.8px;margin-left: calc(-4% \/ 2 );margin-right: calc(-4% \/ 2 );\"><div class=\"fusion-layout-column fusion_builder_column fusion-builder-column-2 fusion_builder_column_1_1 1_1 fusion-flex-column\"><div class=\"fusion-column-wrapper fusion-flex-justify-content-flex-start fusion-content-layout-column\" style=\"background-position:left top;background-repeat:no-repeat;-webkit-background-size:cover;-moz-background-size:cover;-o-background-size:cover;background-size:cover;padding: 0px 0px 0px 0px;\">\n<div class=\"table-2\">\n<table width=\"100%\">\n<thead>\n<tr>\n<th align=\"left\">Titulo<\/th>\n<th align=\"left\"><strong>ENLACE<\/strong><\/th>\n<\/tr>\n<\/thead>\n<tbody>\n<tr>\n<td align=\"left\">Estatutos de la cooperativa. (act. 11\/7\/24)<\/td>\n<td align=\"left\"><a href=\"https:\/\/comercializacion.electricadecallosa.es\/web\/wp-content\/uploads\/2024\/07\/ESTATUTOS.pdf\" target=\"_blank\" rel=\"noopener\"><img decoding=\"async\" class=\"aligncenter wp-image-13113\" src=\"https:\/\/comercializacion.electricadecallosa.es\/web\/wp-content\/uploads\/2020\/12\/pdf-300x300.png\" alt=\"\" width=\"35\" height=\"35\" srcset=\"https:\/\/comercializacion.electricadecallosa.es\/web\/wp-content\/uploads\/2020\/12\/pdf-66x66.png 66w, https:\/\/comercializacion.electricadecallosa.es\/web\/wp-content\/uploads\/2020\/12\/pdf-150x150.png 150w, https:\/\/comercializacion.electricadecallosa.es\/web\/wp-content\/uploads\/2020\/12\/pdf-200x200.png 200w, https:\/\/comercializacion.electricadecallosa.es\/web\/wp-content\/uploads\/2020\/12\/pdf-300x300.png 300w, https:\/\/comercializacion.electricadecallosa.es\/web\/wp-content\/uploads\/2020\/12\/pdf-400x400.png 400w, https:\/\/comercializacion.electricadecallosa.es\/web\/wp-content\/uploads\/2020\/12\/pdf.png 512w\" sizes=\"(max-width: 35px) 100vw, 35px\" \/><\/a><\/td>\n<\/tr>\n<tr>\n<td align=\"left\">Ley 24\/2013, de 26 de diciembre, del Sector El\u00e9ctrico.<\/td>\n<td align=\"left\"><a href=\"https:\/\/www.boe.es\/buscar\/doc.php?id=BOE-A-2013-13645\" target=\"_blank\" rel=\"noopener\"><img decoding=\"async\" class=\"wp-image-13113 aligncenter\" src=\"https:\/\/comercializacion.electricadecallosa.es\/web\/wp-content\/uploads\/2020\/12\/pdf-300x300.png\" alt=\"\" width=\"35\" height=\"35\" srcset=\"https:\/\/comercializacion.electricadecallosa.es\/web\/wp-content\/uploads\/2020\/12\/pdf-66x66.png 66w, https:\/\/comercializacion.electricadecallosa.es\/web\/wp-content\/uploads\/2020\/12\/pdf-150x150.png 150w, https:\/\/comercializacion.electricadecallosa.es\/web\/wp-content\/uploads\/2020\/12\/pdf-200x200.png 200w, https:\/\/comercializacion.electricadecallosa.es\/web\/wp-content\/uploads\/2020\/12\/pdf-300x300.png 300w, https:\/\/comercializacion.electricadecallosa.es\/web\/wp-content\/uploads\/2020\/12\/pdf-400x400.png 400w, https:\/\/comercializacion.electricadecallosa.es\/web\/wp-content\/uploads\/2020\/12\/pdf.png 512w\" sizes=\"(max-width: 35px) 100vw, 35px\" \/><\/a><\/td>\n<\/tr>\n<tr>\n<td align=\"left\">\u00a0Resoluci\u00f3n de 26 de junio de 2009, de la Secretar\u00eda de Estado de Energ\u00eda por la que se determina el procedimiento de puesta en marcha del Bono Social.<\/td>\n<td align=\"left\"><a href=\"https:\/\/www.boe.es\/buscar\/doc.php?id=BOE-A-2009-10672\" target=\"_blank\" rel=\"noopener\"><img decoding=\"async\" class=\"wp-image-13113 aligncenter\" src=\"https:\/\/comercializacion.electricadecallosa.es\/web\/wp-content\/uploads\/2020\/12\/pdf-300x300.png\" alt=\"\" width=\"35\" height=\"35\" srcset=\"https:\/\/comercializacion.electricadecallosa.es\/web\/wp-content\/uploads\/2020\/12\/pdf-66x66.png 66w, https:\/\/comercializacion.electricadecallosa.es\/web\/wp-content\/uploads\/2020\/12\/pdf-150x150.png 150w, https:\/\/comercializacion.electricadecallosa.es\/web\/wp-content\/uploads\/2020\/12\/pdf-200x200.png 200w, https:\/\/comercializacion.electricadecallosa.es\/web\/wp-content\/uploads\/2020\/12\/pdf-300x300.png 300w, https:\/\/comercializacion.electricadecallosa.es\/web\/wp-content\/uploads\/2020\/12\/pdf-400x400.png 400w, https:\/\/comercializacion.electricadecallosa.es\/web\/wp-content\/uploads\/2020\/12\/pdf.png 512w\" sizes=\"(max-width: 35px) 100vw, 35px\" \/><\/a><\/td>\n<\/tr>\n<tr>\n<td align=\"left\">R.D. 1164-2001, de 26 de octubre, por el que se establecen tarifas de acceso a las redes de transporte y distribuci\u00f3n de energ\u00eda el\u00e9ctrica.<\/td>\n<td align=\"left\"><a href=\"https:\/\/www.boe.es\/buscar\/doc.php?id=BOE-A-2001-20850\" target=\"_blank\" rel=\"noopener\"><img decoding=\"async\" class=\"wp-image-13113 aligncenter\" src=\"https:\/\/comercializacion.electricadecallosa.es\/web\/wp-content\/uploads\/2020\/12\/pdf-300x300.png\" alt=\"\" width=\"35\" height=\"35\" srcset=\"https:\/\/comercializacion.electricadecallosa.es\/web\/wp-content\/uploads\/2020\/12\/pdf-66x66.png 66w, https:\/\/comercializacion.electricadecallosa.es\/web\/wp-content\/uploads\/2020\/12\/pdf-150x150.png 150w, https:\/\/comercializacion.electricadecallosa.es\/web\/wp-content\/uploads\/2020\/12\/pdf-200x200.png 200w, https:\/\/comercializacion.electricadecallosa.es\/web\/wp-content\/uploads\/2020\/12\/pdf-300x300.png 300w, https:\/\/comercializacion.electricadecallosa.es\/web\/wp-content\/uploads\/2020\/12\/pdf-400x400.png 400w, https:\/\/comercializacion.electricadecallosa.es\/web\/wp-content\/uploads\/2020\/12\/pdf.png 512w\" sizes=\"(max-width: 35px) 100vw, 35px\" \/><\/a><\/td>\n<\/tr>\n<tr>\n<td align=\"left\">R.D. 1955-2000, de 1 de diciembre, por el que se regulan las actividades de transporte, distribuci\u00f3n, comercializaci\u00f3n, suministro y procedimientos de autorizaci\u00f3n de instalaciones de energ\u00eda el\u00e9ctrica.<\/td>\n<td align=\"left\"><a href=\"https:\/\/www.boe.es\/buscar\/act.php?id=BOE-A-2000-24019\" target=\"_blank\" rel=\"noopener\"><img decoding=\"async\" class=\"wp-image-13113 aligncenter\" src=\"https:\/\/comercializacion.electricadecallosa.es\/web\/wp-content\/uploads\/2020\/12\/pdf-300x300.png\" alt=\"\" width=\"35\" height=\"35\" srcset=\"https:\/\/comercializacion.electricadecallosa.es\/web\/wp-content\/uploads\/2020\/12\/pdf-66x66.png 66w, https:\/\/comercializacion.electricadecallosa.es\/web\/wp-content\/uploads\/2020\/12\/pdf-150x150.png 150w, https:\/\/comercializacion.electricadecallosa.es\/web\/wp-content\/uploads\/2020\/12\/pdf-200x200.png 200w, https:\/\/comercializacion.electricadecallosa.es\/web\/wp-content\/uploads\/2020\/12\/pdf-300x300.png 300w, https:\/\/comercializacion.electricadecallosa.es\/web\/wp-content\/uploads\/2020\/12\/pdf-400x400.png 400w, https:\/\/comercializacion.electricadecallosa.es\/web\/wp-content\/uploads\/2020\/12\/pdf.png 512w\" sizes=\"(max-width: 35px) 100vw, 35px\" \/><\/a><\/td>\n<\/tr>\n<tr>\n<td align=\"left\">Ley 17-2007, de 4 de julio, por la que se modifica la Ley 54\/1997, de 27 de noviembre, del Sector El\u00e9ctrico.<\/td>\n<td align=\"left\"><a href=\"https:\/\/www.boe.es\/buscar\/doc.php?id=BOE-A-2007-13024\" target=\"_blank\" rel=\"noopener\"><img decoding=\"async\" class=\"wp-image-13113 aligncenter\" src=\"https:\/\/comercializacion.electricadecallosa.es\/web\/wp-content\/uploads\/2020\/12\/pdf-300x300.png\" alt=\"\" width=\"35\" height=\"35\" srcset=\"https:\/\/comercializacion.electricadecallosa.es\/web\/wp-content\/uploads\/2020\/12\/pdf-66x66.png 66w, https:\/\/comercializacion.electricadecallosa.es\/web\/wp-content\/uploads\/2020\/12\/pdf-150x150.png 150w, https:\/\/comercializacion.electricadecallosa.es\/web\/wp-content\/uploads\/2020\/12\/pdf-200x200.png 200w, https:\/\/comercializacion.electricadecallosa.es\/web\/wp-content\/uploads\/2020\/12\/pdf-300x300.png 300w, https:\/\/comercializacion.electricadecallosa.es\/web\/wp-content\/uploads\/2020\/12\/pdf-400x400.png 400w, https:\/\/comercializacion.electricadecallosa.es\/web\/wp-content\/uploads\/2020\/12\/pdf.png 512w\" sizes=\"(max-width: 35px) 100vw, 35px\" \/><\/a><\/td>\n<\/tr>\n<tr>\n<td align=\"left\">DECRETO 12\/2021, de 22 de enero, del Consell de regulaci\u00f3n de la declaraci\u00f3n responsable para la primera ocupaci\u00f3n y sucesivas de viviendas<\/td>\n<td align=\"left\"><a href=\"https:\/\/dogv.gva.es\/datos\/2021\/02\/03\/pdf\/2021_924.pdf\" target=\"_blank\" rel=\"noopener\"><img decoding=\"async\" class=\"wp-image-13113 aligncenter\" src=\"https:\/\/comercializacion.electricadecallosa.es\/web\/wp-content\/uploads\/2020\/12\/pdf-300x300.png\" alt=\"\" width=\"35\" height=\"35\" srcset=\"https:\/\/comercializacion.electricadecallosa.es\/web\/wp-content\/uploads\/2020\/12\/pdf-66x66.png 66w, https:\/\/comercializacion.electricadecallosa.es\/web\/wp-content\/uploads\/2020\/12\/pdf-150x150.png 150w, https:\/\/comercializacion.electricadecallosa.es\/web\/wp-content\/uploads\/2020\/12\/pdf-200x200.png 200w, https:\/\/comercializacion.electricadecallosa.es\/web\/wp-content\/uploads\/2020\/12\/pdf-300x300.png 300w, https:\/\/comercializacion.electricadecallosa.es\/web\/wp-content\/uploads\/2020\/12\/pdf-400x400.png 400w, https:\/\/comercializacion.electricadecallosa.es\/web\/wp-content\/uploads\/2020\/12\/pdf.png 512w\" sizes=\"(max-width: 35px) 100vw, 35px\" \/><\/a><\/td>\n<\/tr>\n<tr>\n<td align=\"left\">Ley 54-1997, de 27 de noviembre, del Sector El\u00e9ctrico.<\/td>\n<td align=\"left\"><a href=\"https:\/\/www.boe.es\/buscar\/doc.php?id=BOE-A-1997-25340\" target=\"_blank\" rel=\"noopener\"><img decoding=\"async\" class=\"wp-image-13113 aligncenter\" src=\"https:\/\/comercializacion.electricadecallosa.es\/web\/wp-content\/uploads\/2020\/12\/pdf-300x300.png\" alt=\"\" width=\"35\" height=\"35\" srcset=\"https:\/\/comercializacion.electricadecallosa.es\/web\/wp-content\/uploads\/2020\/12\/pdf-66x66.png 66w, https:\/\/comercializacion.electricadecallosa.es\/web\/wp-content\/uploads\/2020\/12\/pdf-150x150.png 150w, https:\/\/comercializacion.electricadecallosa.es\/web\/wp-content\/uploads\/2020\/12\/pdf-200x200.png 200w, https:\/\/comercializacion.electricadecallosa.es\/web\/wp-content\/uploads\/2020\/12\/pdf-300x300.png 300w, https:\/\/comercializacion.electricadecallosa.es\/web\/wp-content\/uploads\/2020\/12\/pdf-400x400.png 400w, https:\/\/comercializacion.electricadecallosa.es\/web\/wp-content\/uploads\/2020\/12\/pdf.png 512w\" sizes=\"(max-width: 35px) 100vw, 35px\" \/><\/a><\/td>\n<\/tr>\n<tr>\n<td align=\"left\">Decreto Legislativo 2\/2015, de 15 de mayo, del Consell, por el que aprueba el texto refundido de la Ley de Cooperativas del la Comunitat Valenciana.<\/td>\n<td align=\"left\"><a href=\"https:\/\/comercializacion.electricadecallosa.es\/web\/wp-content\/uploads\/2022\/07\/DOCV-r-2015-90416-consolidado.pdf\" target=\"_blank\" rel=\"noopener\"><img decoding=\"async\" class=\"wp-image-13113 aligncenter\" src=\"https:\/\/comercializacion.electricadecallosa.es\/web\/wp-content\/uploads\/2020\/12\/pdf-300x300.png\" alt=\"\" width=\"35\" height=\"35\" srcset=\"https:\/\/comercializacion.electricadecallosa.es\/web\/wp-content\/uploads\/2020\/12\/pdf-66x66.png 66w, https:\/\/comercializacion.electricadecallosa.es\/web\/wp-content\/uploads\/2020\/12\/pdf-150x150.png 150w, https:\/\/comercializacion.electricadecallosa.es\/web\/wp-content\/uploads\/2020\/12\/pdf-200x200.png 200w, https:\/\/comercializacion.electricadecallosa.es\/web\/wp-content\/uploads\/2020\/12\/pdf-300x300.png 300w, https:\/\/comercializacion.electricadecallosa.es\/web\/wp-content\/uploads\/2020\/12\/pdf-400x400.png 400w, https:\/\/comercializacion.electricadecallosa.es\/web\/wp-content\/uploads\/2020\/12\/pdf.png 512w\" sizes=\"(max-width: 35px) 100vw, 35px\" \/><\/a><\/td>\n<\/tr>\n<\/tbody>\n<\/table>\n<\/div>\n<\/div><\/div><style type=\"text\/css\">.fusion-body .fusion-builder-column-2{width:100% !important;margin-top : 0px;margin-bottom : 20px;}.fusion-builder-column-2 > .fusion-column-wrapper {padding-top : 0px !important;padding-right : 0px !important;margin-right : 1.92%;padding-bottom : 0px !important;padding-left : 0px !important;margin-left : 1.92%;}@media only screen and (max-width:1024px) {.fusion-body .fusion-builder-column-2{width:100% !important;order : 0;}.fusion-builder-column-2 > .fusion-column-wrapper {margin-right : 1.92%;margin-left : 1.92%;}}@media only screen and (max-width:640px) {.fusion-body .fusion-builder-column-2{width:100% !important;order : 0;}.fusion-builder-column-2 > .fusion-column-wrapper {margin-right : 1.92%;margin-left : 1.92%;}}<\/style><\/div><style type=\"text\/css\">.fusion-body .fusion-flex-container.fusion-builder-row-3{ padding-top : 0px;margin-top : 0px;padding-right : 0px;padding-bottom : 0px;margin-bottom : 0px;padding-left : 0px;}<\/style><\/div><\/p>\n","protected":false},"excerpt":{"rendered":"","protected":false},"author":3,"featured_media":0,"parent":0,"menu_order":0,"comment_status":"closed","ping_status":"closed","template":"","meta":{"footnotes":""},"class_list":["post-13111","page","type-page","status-publish","hentry"],"_links":{"self":[{"href":"https:\/\/comercializacion.electricadecallosa.es\/web\/wp-json\/wp\/v2\/pages\/13111","targetHints":{"allow":["GET"]}}],"collection":[{"href":"https:\/\/comercializacion.electricadecallosa.es\/web\/wp-json\/wp\/v2\/pages"}],"about":[{"href":"https:\/\/comercializacion.electricadecallosa.es\/web\/wp-json\/wp\/v2\/types\/page"}],"author":[{"embeddable":true,"href":"https:\/\/comercializacion.electricadecallosa.es\/web\/wp-json\/wp\/v2\/users\/3"}],"replies":[{"embeddable":true,"href":"https:\/\/comercializacion.electricadecallosa.es\/web\/wp-json\/wp\/v2\/comments?post=13111"}],"version-history":[{"count":14,"href":"https:\/\/comercializacion.electricadecallosa.es\/web\/wp-json\/wp\/v2\/pages\/13111\/revisions"}],"predecessor-version":[{"id":13803,"href":"https:\/\/comercializacion.electricadecallosa.es\/web\/wp-json\/wp\/v2\/pages\/13111\/revisions\/13803"}],"wp:attachment":[{"href":"https:\/\/comercializacion.electricadecallosa.es\/web\/wp-json\/wp\/v2\/media?parent=13111"}],"curies":[{"name":"wp","href":"https:\/\/api.w.org\/{rel}","templated":true}]}}