{"id":13099,"date":"2020-12-28T18:18:12","date_gmt":"2020-12-28T18:18:12","guid":{"rendered":"https:\/\/comercializacion.electricadecallosa.es\/web\/?page_id=13099"},"modified":"2021-01-28T19:13:31","modified_gmt":"2021-01-28T19:13:31","slug":"actualidad","status":"publish","type":"page","link":"https:\/\/comercializacion.electricadecallosa.es\/web\/actualidad\/","title":{"rendered":"Actualidad"},"content":{"rendered":"<p><div class=\"fusion-fullwidth fullwidth-box fusion-builder-row-1 fusion-flex-container nonhundred-percent-fullwidth non-hundred-percent-height-scrolling\" style=\"background-color: rgba(255,255,255,0);background-position: center center;background-repeat: no-repeat;border-width: 0px 0px 0px 0px;border-color:#eae9e9;border-style:solid;\" ><div class=\"fusion-builder-row fusion-row fusion-flex-align-items-flex-start\" style=\"max-width:1216.8px;margin-left: calc(-4% \/ 2 );margin-right: calc(-4% \/ 2 );\"><div class=\"fusion-layout-column fusion_builder_column fusion-builder-column-0 fusion_builder_column_1_1 1_1 fusion-flex-column\"><div class=\"fusion-column-wrapper fusion-flex-justify-content-flex-start fusion-content-layout-column\" style=\"background-position:left top;background-repeat:no-repeat;-webkit-background-size:cover;-moz-background-size:cover;-o-background-size:cover;background-size:cover;padding: 0px 0px 0px 0px;\"><div ><div class=\"imageframe-liftup imageframe-1\" style=\"width:100%;max-width:5000px;\"><style>.imageframe-liftup.imageframe-1:before{border-radius:5px;}<\/style><span class=\" fusion-imageframe imageframe-dropshadow imageframe-1 fusion-animated\" style=\"border-radius:5px;-webkit-box-shadow: 0px 0px 4px rgba(0,0,0,0.3);box-shadow: 0px 0px 4px rgba(0,0,0,0.3);\" data-animationType=\"slideInLeft\" data-animationDuration=\"0.5\" data-animationOffset=\"100%\"><\/span><\/div><\/div><\/div><\/div><style type=\"text\/css\">.fusion-body .fusion-builder-column-0{width:100% !important;margin-top : 0px;margin-bottom : 20px;}.fusion-builder-column-0 > .fusion-column-wrapper {padding-top : 0px !important;padding-right : 0px !important;margin-right : 1.92%;padding-bottom : 0px !important;padding-left : 0px !important;margin-left : 1.92%;}@media only screen and (max-width:1024px) {.fusion-body .fusion-builder-column-0{width:100% !important;order : 0;}.fusion-builder-column-0 > .fusion-column-wrapper {margin-right : 1.92%;margin-left : 1.92%;}}@media only screen and (max-width:640px) {.fusion-body .fusion-builder-column-0{width:100% !important;order : 0;}.fusion-builder-column-0 > .fusion-column-wrapper {margin-right : 1.92%;margin-left : 1.92%;}}<\/style><\/div><style type=\"text\/css\">.fusion-body .fusion-flex-container.fusion-builder-row-1{ padding-top : 0px;margin-top : 0px;padding-right : 0px;padding-bottom : 0px;margin-bottom : 0px;padding-left : 0px;}<\/style><\/div><div class=\"fusion-fullwidth fullwidth-box fusion-builder-row-2 fusion-flex-container nonhundred-percent-fullwidth non-hundred-percent-height-scrolling\" style=\"background-color: rgba(255,255,255,0);background-position: center center;background-repeat: no-repeat;border-width: 0px 0px 0px 0px;border-color:#eae9e9;border-style:solid;\" ><div class=\"fusion-builder-row fusion-row fusion-flex-align-items-flex-start\" style=\"max-width:1216.8px;margin-left: calc(-4% \/ 2 );margin-right: calc(-4% \/ 2 );\"><div class=\"fusion-layout-column fusion_builder_column fusion-builder-column-1 fusion_builder_column_1_1 1_1 fusion-flex-column fusion-animated\" data-animationType=\"slideInUp\" data-animationDuration=\"0.8\" data-animationOffset=\"100%\"><div class=\"fusion-column-wrapper fusion-flex-justify-content-flex-start fusion-content-layout-column\" style=\"background-position:left top;background-repeat:no-repeat;-webkit-background-size:cover;-moz-background-size:cover;-o-background-size:cover;background-size:cover;padding: 0px 0px 0px 0px;\"><style type=\"text\/css\">@media only screen and (max-width:1024px) {.fusion-title.fusion-title-1{margin-top:0px!important;margin-bottom:30px!important;}}<\/style><div class=\"fusion-title title fusion-title-1 fusion-title-center fusion-title-text fusion-title-size-one\" style=\"margin-top:0px;margin-bottom:30px;\"><div class=\"title-sep-container title-sep-container-left\"><div class=\"title-sep sep-\" style=\"border-color:#e0dede;\"><\/div><\/div><h1 class=\"title-heading-center\" style=\"margin:0;\">Actualidad<\/h1><div class=\"title-sep-container title-sep-container-right\"><div class=\"title-sep sep-\" style=\"border-color:#e0dede;\"><\/div><\/div><\/div><div class=\"fusion-separator fusion-has-icon fusion-full-width-sep\" style=\"align-self: center;margin-left: auto;margin-right: auto;margin-top:-40px;width:100%;\"><div class=\"fusion-separator-border sep-single sep-solid\" style=\"border-color:#507eac;border-top-width:3px;\"><\/div><span class=\"icon-wrapper\" style=\"border-color:transparent;font-size:30px;width: 1.75em; height: 1.75em;border-width:3px;padding:3px;margin-top:-1.5px\"><i class=\"fa-newspaper fas\" style=\"font-size: inherit;color:#ff9900;\" aria-hidden=\"true\"><\/i><\/span><div class=\"fusion-separator-border sep-single sep-solid\" style=\"border-color:#507eac;border-top-width:3px;\"><\/div><\/div><\/div><\/div><style type=\"text\/css\">.fusion-body .fusion-builder-column-1{width:100% !important;margin-top : 0px;margin-bottom : 20px;}.fusion-builder-column-1 > .fusion-column-wrapper {padding-top : 0px !important;padding-right : 0px !important;margin-right : 1.92%;padding-bottom : 0px !important;padding-left : 0px !important;margin-left : 1.92%;}@media only screen and (max-width:1024px) {.fusion-body .fusion-builder-column-1{width:100% !important;order : 0;}.fusion-builder-column-1 > .fusion-column-wrapper {margin-right : 1.92%;margin-left : 1.92%;}}@media only screen and (max-width:640px) {.fusion-body .fusion-builder-column-1{width:100% !important;order : 0;}.fusion-builder-column-1 > .fusion-column-wrapper {margin-right : 1.92%;margin-left : 1.92%;}}<\/style><\/div><style type=\"text\/css\">.fusion-body .fusion-flex-container.fusion-builder-row-2{ padding-top : 90px;margin-top : 0px;padding-right : 0px;padding-bottom : 0px;margin-bottom : 0px;padding-left : 0px;}<\/style><\/div><div class=\"fusion-fullwidth fullwidth-box fusion-builder-row-3 fusion-flex-container nonhundred-percent-fullwidth non-hundred-percent-height-scrolling\" style=\"background-color: rgba(255,255,255,0);background-position: center center;background-repeat: no-repeat;border-width: 0px 0px 0px 0px;border-color:#eae9e9;border-style:solid;\" ><div class=\"fusion-builder-row fusion-row fusion-flex-align-items-flex-start\" style=\"max-width:1216.8px;margin-left: calc(-4% \/ 2 );margin-right: calc(-4% \/ 2 );\"><div class=\"fusion-layout-column fusion_builder_column fusion-builder-column-2 fusion_builder_column_1_1 1_1 fusion-flex-column\"><div class=\"fusion-column-wrapper fusion-flex-justify-content-flex-start fusion-content-layout-column\" style=\"background-position:left top;background-repeat:no-repeat;-webkit-background-size:cover;-moz-background-size:cover;-o-background-size:cover;background-size:cover;padding: 0px 0px 0px 0px;\"><div class=\"fusion-recent-posts fusion-recent-posts-1 avada-container layout-thumbnails-on-side layout-columns-2\"><section class=\"fusion-columns columns fusion-columns-2 columns-2\"><article class=\"post fusion-column column col col-lg-6 col-md-6 col-sm-6 fusion-animated\" data-animationType=\"slideInLeft\" data-animationDuration=\"1.0\" data-animationOffset=\"100%\"><div class=\"fusion-flexslider fusion-flexslider-loading flexslider floated-slideshow flexslider-hover-type-none\"><ul class=\"slides\"><li><a href=\"https:\/\/comercializacion.electricadecallosa.es\/web\/convocatoria-de-asamblea-general-2-2\/\" aria-label=\"Convocatoria de Asamblea General 2025\" class=\"hover-type-none\"><img decoding=\"async\" width=\"177\" height=\"142\" src=\"https:\/\/comercializacion.electricadecallosa.es\/web\/wp-content\/uploads\/2022\/05\/Asamblea-general-ASSITEJ-Espana-177x142.png\" class=\"attachment-portfolio-five size-portfolio-five\" alt=\"\" \/><\/a><\/li><\/ul><\/div><div class=\"recent-posts-content\"><span class=\"vcard\" style=\"display: none;\"><span class=\"fn\"><a href=\"https:\/\/comercializacion.electricadecallosa.es\/web\/author\/info_0rcue0p9\/\" title=\"Entradas de admin\" rel=\"author\">admin<\/a><\/span><\/span><span class=\"updated\" style=\"display:none;\">2025-05-21T06:44:12+00:00<\/span><h4 class=\"entry-title\"><a href=\"https:\/\/comercializacion.electricadecallosa.es\/web\/convocatoria-de-asamblea-general-2-2\/\">Convocatoria de Asamblea General 2025<\/a><\/h4><p class=\"meta\"><span class=\"vcard\" style=\"display: none;\"><span class=\"fn\"><a href=\"https:\/\/comercializacion.electricadecallosa.es\/web\/author\/info_0rcue0p9\/\" title=\"Entradas de admin\" rel=\"author\">admin<\/a><\/span><\/span><span class=\"updated\" style=\"display:none;\">2025-05-21T06:44:12+00:00<\/span><span>21\/05\/2025<\/span><span class=\"fusion-inline-sep\">|<\/span><\/p><p>Versi\u00f3n PDF El Consejo Rector de El\u00e9ctrica de Callosa de Segura, en sesi\u00f3n celebrada el d\u00eda 14 de abril de 2025, acord\u00f3 por unanimidad convocar la Asamblea General Ordinaria, que se celebrar\u00e1 el d\u00eda 20 [...]<\/p><\/div><\/article><article class=\"post fusion-column column col col-lg-6 col-md-6 col-sm-6 fusion-animated\" data-animationType=\"slideInLeft\" data-animationDuration=\"1.0\" data-animationOffset=\"100%\"><div class=\"fusion-flexslider fusion-flexslider-loading flexslider floated-slideshow flexslider-hover-type-none\"><ul class=\"slides\"><li><a href=\"https:\/\/comercializacion.electricadecallosa.es\/web\/beca-para-estudiantes-de-aseme\/\" aria-label=\"BECA para estudiantes de ASEME\" class=\"hover-type-none\"><img decoding=\"async\" width=\"177\" height=\"142\" src=\"https:\/\/comercializacion.electricadecallosa.es\/web\/wp-content\/uploads\/2024\/05\/beca-aseme-2024_16-9-1-1-177x142.jpg\" class=\"attachment-portfolio-five size-portfolio-five\" alt=\"\" \/><\/a><\/li><\/ul><\/div><div class=\"recent-posts-content\"><span class=\"vcard\" style=\"display: none;\"><span class=\"fn\"><a href=\"https:\/\/comercializacion.electricadecallosa.es\/web\/author\/info_0rcue0p9\/\" title=\"Entradas de admin\" rel=\"author\">admin<\/a><\/span><\/span><span class=\"updated\" style=\"display:none;\">2024-05-09T19:48:06+00:00<\/span><h4 class=\"entry-title\"><a href=\"https:\/\/comercializacion.electricadecallosa.es\/web\/beca-para-estudiantes-de-aseme\/\">BECA para estudiantes de ASEME<\/a><\/h4><p class=\"meta\"><span class=\"vcard\" style=\"display: none;\"><span class=\"fn\"><a href=\"https:\/\/comercializacion.electricadecallosa.es\/web\/author\/info_0rcue0p9\/\" title=\"Entradas de admin\" rel=\"author\">admin<\/a><\/span><\/span><span class=\"updated\" style=\"display:none;\">2024-05-09T19:48:06+00:00<\/span><span>09\/05\/2024<\/span><span class=\"fusion-inline-sep\">|<\/span><\/p><p>ASEME sigue apostando por el talento joven y convoca la quinta edici\u00f3n de su beca para estudiantes valorada en 10.000 euros La ayuda va destinada a estudios de m\u00e1ster o posgrado relativos al \u00e1mbito de [...]<\/p><\/div><\/article><article class=\"post fusion-column column col col-lg-6 col-md-6 col-sm-6 fusion-animated\" data-animationType=\"slideInLeft\" data-animationDuration=\"1.0\" data-animationOffset=\"100%\"><div class=\"fusion-flexslider fusion-flexslider-loading flexslider floated-slideshow flexslider-hover-type-none\"><ul class=\"slides\"><li><a href=\"https:\/\/comercializacion.electricadecallosa.es\/web\/proyecto-solar-fotovoltaico-parquesolar\/\" aria-label=\"PROYECTO SOLAR FOTOVOLTAICO \u201cPARQUESOLAR\u201d (act. 29\/07\/2023)\" class=\"hover-type-none\"><img decoding=\"async\" width=\"177\" height=\"142\" src=\"https:\/\/comercializacion.electricadecallosa.es\/web\/wp-content\/uploads\/2023\/04\/photo-solar-panels-177x142.webp\" class=\"attachment-portfolio-five size-portfolio-five\" alt=\"\" \/><\/a><\/li><\/ul><\/div><div class=\"recent-posts-content\"><span class=\"vcard\" style=\"display: none;\"><span class=\"fn\"><a href=\"https:\/\/comercializacion.electricadecallosa.es\/web\/author\/info_0rcue0p9\/\" title=\"Entradas de admin\" rel=\"author\">admin<\/a><\/span><\/span><span class=\"updated\" style=\"display:none;\">2023-07-29T10:02:02+00:00<\/span><h4 class=\"entry-title\"><a href=\"https:\/\/comercializacion.electricadecallosa.es\/web\/proyecto-solar-fotovoltaico-parquesolar\/\">PROYECTO SOLAR FOTOVOLTAICO \u201cPARQUESOLAR\u201d (act. 29\/07\/2023)<\/a><\/h4><p class=\"meta\"><span class=\"vcard\" style=\"display: none;\"><span class=\"fn\"><a href=\"https:\/\/comercializacion.electricadecallosa.es\/web\/author\/info_0rcue0p9\/\" title=\"Entradas de admin\" rel=\"author\">admin<\/a><\/span><\/span><span class=\"updated\" style=\"display:none;\">2023-07-29T10:02:02+00:00<\/span><span>29\/07\/2023<\/span><span class=\"fusion-inline-sep\">|<\/span><\/p><p>La finalidad de la COOPERATIVA EL\u00c9CTRICA DE CALLOSA DE SEGURA C.V. (en adelante la Cooperativa) es dotar de energ\u00eda a sus socios. Para ello viene trabajando en la inversi\u00f3n en energ\u00eda verde -energ\u00eda fotovoltaica- en [...]<\/p><\/div><\/article><article class=\"post fusion-column column col col-lg-6 col-md-6 col-sm-6 fusion-animated\" data-animationType=\"slideInLeft\" data-animationDuration=\"1.0\" data-animationOffset=\"100%\"><div class=\"fusion-flexslider fusion-flexslider-loading flexslider floated-slideshow flexslider-hover-type-none\"><ul class=\"slides\"><li><a href=\"https:\/\/comercializacion.electricadecallosa.es\/web\/comienzan-las-obras-del-proyecto-las-moreras\/\" aria-label=\"Comienzan las Obras del Proyecto &#8220;LAS MORERAS&#8221;\" class=\"hover-type-none\"><img decoding=\"async\" width=\"177\" height=\"142\" src=\"https:\/\/comercializacion.electricadecallosa.es\/web\/wp-content\/uploads\/2022\/04\/PHOTO-2021-10-20-14-03-24-81-177x142.jpg\" class=\"attachment-portfolio-five size-portfolio-five\" alt=\"\" \/><\/a><\/li><\/ul><\/div><div class=\"recent-posts-content\"><span class=\"vcard\" style=\"display: none;\"><span class=\"fn\"><a href=\"https:\/\/comercializacion.electricadecallosa.es\/web\/author\/info_0rcue0p9\/\" title=\"Entradas de admin\" rel=\"author\">admin<\/a><\/span><\/span><span class=\"updated\" style=\"display:none;\">2022-04-02T17:30:55+00:00<\/span><h4 class=\"entry-title\"><a href=\"https:\/\/comercializacion.electricadecallosa.es\/web\/comienzan-las-obras-del-proyecto-las-moreras\/\">Comienzan las Obras del Proyecto &#8220;LAS MORERAS&#8221;<\/a><\/h4><p class=\"meta\"><span class=\"vcard\" style=\"display: none;\"><span class=\"fn\"><a href=\"https:\/\/comercializacion.electricadecallosa.es\/web\/author\/info_0rcue0p9\/\" title=\"Entradas de admin\" rel=\"author\">admin<\/a><\/span><\/span><span class=\"updated\" style=\"display:none;\">2022-04-02T17:30:55+00:00<\/span><span>30\/10\/2021<\/span><span class=\"fusion-inline-sep\">|<\/span><\/p><p>Nos complace comunicar que han dado comienzo las obras del proyecto fotovoltaico Las Moreras en Mazarr\u00f3n. El\u00e9ctrica Callosina es el promotor de una nueva planta de generaci\u00f3n en la zona. El fabricante de paneles solares [...]<\/p><\/div><\/article><article class=\"post fusion-column column col col-lg-6 col-md-6 col-sm-6 fusion-animated\" data-animationType=\"slideInLeft\" data-animationDuration=\"1.0\" data-animationOffset=\"100%\"><div class=\"fusion-flexslider fusion-flexslider-loading flexslider floated-slideshow flexslider-hover-type-none\"><ul class=\"slides\"><li><a href=\"https:\/\/comercializacion.electricadecallosa.es\/web\/la-cooperativa-construira-una-plataforma-fotovoltaica-de-3mw-en-mazarron-murcia\/\" aria-label=\"La Cooperativa construir\u00e1 una plataforma fotovoltaica de 3MW en Mazarr\u00f3n (Murcia)\" class=\"hover-type-none\"><img decoding=\"async\" width=\"177\" height=\"142\" src=\"https:\/\/comercializacion.electricadecallosa.es\/web\/wp-content\/uploads\/2022\/04\/Fotografia-firma-EPC-05.08.2021-743x10241-1-177x142.jpg\" class=\"attachment-portfolio-five size-portfolio-five\" alt=\"\" \/><\/a><\/li><\/ul><\/div><div class=\"recent-posts-content\"><span class=\"vcard\" style=\"display: none;\"><span class=\"fn\"><a href=\"https:\/\/comercializacion.electricadecallosa.es\/web\/author\/info_0rcue0p9\/\" title=\"Entradas de admin\" rel=\"author\">admin<\/a><\/span><\/span><span class=\"updated\" style=\"display:none;\">2022-04-02T17:28:00+00:00<\/span><h4 class=\"entry-title\"><a href=\"https:\/\/comercializacion.electricadecallosa.es\/web\/la-cooperativa-construira-una-plataforma-fotovoltaica-de-3mw-en-mazarron-murcia\/\">La Cooperativa construir\u00e1 una plataforma fotovoltaica de 3MW en Mazarr\u00f3n (Murcia)<\/a><\/h4><p class=\"meta\"><span class=\"vcard\" style=\"display: none;\"><span class=\"fn\"><a href=\"https:\/\/comercializacion.electricadecallosa.es\/web\/author\/info_0rcue0p9\/\" title=\"Entradas de admin\" rel=\"author\">admin<\/a><\/span><\/span><span class=\"updated\" style=\"display:none;\">2022-04-02T17:28:00+00:00<\/span><span>12\/08\/2021<\/span><span class=\"fusion-inline-sep\">|<\/span><\/p><p>La Cooperativa El\u00e9ctrica se congratula de anunciar que ha adquirido un proyecto fotovoltaico en el municipio de Mazarr\u00f3n (Murcia). En representaci\u00f3n de El\u00e9ctrica Callosina , Antonio Roca de Togores y en representaci\u00f3n de Exiom Group, [...]<\/p><\/div><\/article><\/section><\/div><\/div><\/div><style type=\"text\/css\">.fusion-body .fusion-builder-column-2{width:100% !important;margin-top : 0px;margin-bottom : 20px;}.fusion-builder-column-2 > .fusion-column-wrapper {padding-top : 0px !important;padding-right : 0px !important;margin-right : 1.92%;padding-bottom : 0px !important;padding-left : 0px !important;margin-left : 1.92%;}@media only screen and (max-width:1024px) {.fusion-body .fusion-builder-column-2{width:100% !important;order : 0;}.fusion-builder-column-2 > .fusion-column-wrapper {margin-right : 1.92%;margin-left : 1.92%;}}@media only screen and (max-width:640px) {.fusion-body .fusion-builder-column-2{width:100% !important;order : 0;}.fusion-builder-column-2 > .fusion-column-wrapper {margin-right : 1.92%;margin-left : 1.92%;}}<\/style><\/div><style type=\"text\/css\">.fusion-body .fusion-flex-container.fusion-builder-row-3{ padding-top : 0px;margin-top : 0px;padding-right : 0px;padding-bottom : 0px;margin-bottom : 0px;padding-left : 0px;}<\/style><\/div><\/p>\n","protected":false},"excerpt":{"rendered":"","protected":false},"author":3,"featured_media":0,"parent":0,"menu_order":0,"comment_status":"closed","ping_status":"closed","template":"","meta":{"footnotes":""},"class_list":["post-13099","page","type-page","status-publish","hentry"],"_links":{"self":[{"href":"https:\/\/comercializacion.electricadecallosa.es\/web\/wp-json\/wp\/v2\/pages\/13099","targetHints":{"allow":["GET"]}}],"collection":[{"href":"https:\/\/comercializacion.electricadecallosa.es\/web\/wp-json\/wp\/v2\/pages"}],"about":[{"href":"https:\/\/comercializacion.electricadecallosa.es\/web\/wp-json\/wp\/v2\/types\/page"}],"author":[{"embeddable":true,"href":"https:\/\/comercializacion.electricadecallosa.es\/web\/wp-json\/wp\/v2\/users\/3"}],"replies":[{"embeddable":true,"href":"https:\/\/comercializacion.electricadecallosa.es\/web\/wp-json\/wp\/v2\/comments?post=13099"}],"version-history":[{"count":16,"href":"https:\/\/comercializacion.electricadecallosa.es\/web\/wp-json\/wp\/v2\/pages\/13099\/revisions"}],"predecessor-version":[{"id":13557,"href":"https:\/\/comercializacion.electricadecallosa.es\/web\/wp-json\/wp\/v2\/pages\/13099\/revisions\/13557"}],"wp:attachment":[{"href":"https:\/\/comercializacion.electricadecallosa.es\/web\/wp-json\/wp\/v2\/media?parent=13099"}],"curies":[{"name":"wp","href":"https:\/\/api.w.org\/{rel}","templated":true}]}}