{"id":13096,"date":"2020-12-28T18:18:22","date_gmt":"2020-12-28T18:18:22","guid":{"rendered":"https:\/\/comercializacion.electricadecallosa.es\/web\/?page_id=13096"},"modified":"2021-02-19T06:58:27","modified_gmt":"2021-02-19T06:58:27","slug":"nuevo-bono-social","status":"publish","type":"page","link":"https:\/\/comercializacion.electricadecallosa.es\/web\/nuevo-bono-social\/","title":{"rendered":"Nuevo Bono Social"},"content":{"rendered":"<p><div class=\"fusion-fullwidth fullwidth-box fusion-builder-row-1 fusion-flex-container nonhundred-percent-fullwidth non-hundred-percent-height-scrolling\" style=\"background-color: rgba(255,255,255,0);background-position: left center;background-repeat: no-repeat;border-width: 0px 0px 0px 0px;border-color:#eae9e9;border-style:solid;\" ><div class=\"fusion-builder-row fusion-row fusion-flex-align-items-flex-start\" style=\"max-width:1216.8px;margin-left: calc(-4% \/ 2 );margin-right: calc(-4% \/ 2 );\"><div class=\"fusion-layout-column fusion_builder_column fusion-builder-column-0 fusion_builder_column_1_1 1_1 fusion-flex-column\"><div class=\"fusion-column-wrapper fusion-flex-justify-content-flex-start fusion-content-layout-column\" style=\"background-position:left top;background-repeat:no-repeat;-webkit-background-size:cover;-moz-background-size:cover;-o-background-size:cover;background-size:cover;padding: 0px 0px 0px 0px;\"><div ><div class=\"imageframe-liftup imageframe-1\"><style>.imageframe-liftup.imageframe-1:before{border-radius:5px;}<\/style><span class=\" fusion-imageframe imageframe-dropshadow imageframe-1 fusion-animated\" style=\"border-radius:5px;-webkit-box-shadow: 0px 0px 4px rgba(0,0,0,0.3);box-shadow: 0px 0px 4px rgba(0,0,0,0.3);\" data-animationType=\"slideInLeft\" data-animationDuration=\"0.5\" data-animationOffset=\"100%\"><\/span><\/div><\/div><\/div><\/div><style type=\"text\/css\">.fusion-body .fusion-builder-column-0{width:100% !important;margin-top : 0px;margin-bottom : 20px;}.fusion-builder-column-0 > .fusion-column-wrapper {padding-top : 0px !important;padding-right : 0px !important;margin-right : 1.92%;padding-bottom : 0px !important;padding-left : 0px !important;margin-left : 1.92%;}@media only screen and (max-width:1024px) {.fusion-body .fusion-builder-column-0{width:100% !important;order : 0;}.fusion-builder-column-0 > .fusion-column-wrapper {margin-right : 1.92%;margin-left : 1.92%;}}@media only screen and (max-width:640px) {.fusion-body .fusion-builder-column-0{width:100% !important;order : 0;}.fusion-builder-column-0 > .fusion-column-wrapper {margin-right : 1.92%;margin-left : 1.92%;}}<\/style><\/div><style type=\"text\/css\">.fusion-body .fusion-flex-container.fusion-builder-row-1{ padding-top : 0px;margin-top : 0px;padding-right : 0px;padding-bottom : 0px;margin-bottom : 0px;padding-left : 0px;}<\/style><\/div><div class=\"fusion-fullwidth fullwidth-box fusion-builder-row-2 fusion-flex-container nonhundred-percent-fullwidth non-hundred-percent-height-scrolling\" style=\"background-color: rgba(255,255,255,0);background-position: center center;background-repeat: no-repeat;border-width: 0px 0px 0px 0px;border-color:#eae9e9;border-style:solid;\" ><div class=\"fusion-builder-row fusion-row fusion-flex-align-items-flex-start\" style=\"max-width:1216.8px;margin-left: calc(-4% \/ 2 );margin-right: calc(-4% \/ 2 );\"><div class=\"fusion-layout-column fusion_builder_column fusion-builder-column-1 fusion_builder_column_1_1 1_1 fusion-flex-column\"><div class=\"fusion-column-wrapper fusion-flex-justify-content-flex-start fusion-content-layout-column\" style=\"background-position:left top;background-repeat:no-repeat;-webkit-background-size:cover;-moz-background-size:cover;-o-background-size:cover;background-size:cover;padding: 0px 0px 0px 0px;\"><style type=\"text\/css\">@media only screen and (max-width:1024px) {.fusion-title.fusion-title-1{margin-top:0px!important;margin-bottom:30px!important;}}<\/style><div class=\"fusion-title title fusion-title-1 fusion-title-center fusion-title-text fusion-title-size-one\" style=\"margin-top:0px;margin-bottom:30px;\"><div class=\"title-sep-container title-sep-container-left\"><div class=\"title-sep sep-\" style=\"border-color:#e0dede;\"><\/div><\/div><h1 class=\"title-heading-center\" style=\"margin:0;\">Bono Social<\/h1><div class=\"title-sep-container title-sep-container-right\"><div class=\"title-sep sep-\" style=\"border-color:#e0dede;\"><\/div><\/div><\/div><div class=\"fusion-separator fusion-has-icon fusion-full-width-sep\" style=\"align-self: center;margin-left: auto;margin-right: auto;margin-top:-40px;width:100%;\"><div class=\"fusion-separator-border sep-single sep-solid\" style=\"border-color:#507eac;border-top-width:3px;\"><\/div><span class=\"icon-wrapper\" style=\"border-color:transparent;font-size:30px;width: 1.75em; height: 1.75em;border-width:3px;padding:3px;margin-top:-1.5px\"><i class=\"fa-user-friends fas\" style=\"font-size: inherit;color:#ff9800;\" aria-hidden=\"true\"><\/i><\/span><div class=\"fusion-separator-border sep-single sep-solid\" style=\"border-color:#507eac;border-top-width:3px;\"><\/div><\/div><\/div><\/div><style type=\"text\/css\">.fusion-body .fusion-builder-column-1{width:100% !important;margin-top : 0px;margin-bottom : 20px;}.fusion-builder-column-1 > .fusion-column-wrapper {padding-top : 0px !important;padding-right : 0px !important;margin-right : 1.92%;padding-bottom : 0px !important;padding-left : 0px !important;margin-left : 1.92%;}@media only screen and (max-width:1024px) {.fusion-body .fusion-builder-column-1{width:100% !important;order : 0;}.fusion-builder-column-1 > .fusion-column-wrapper {margin-right : 1.92%;margin-left : 1.92%;}}@media only screen and (max-width:640px) {.fusion-body .fusion-builder-column-1{width:100% !important;order : 0;}.fusion-builder-column-1 > .fusion-column-wrapper {margin-right : 1.92%;margin-left : 1.92%;}}<\/style><\/div><style type=\"text\/css\">.fusion-body .fusion-flex-container.fusion-builder-row-2{ padding-top : 90px;margin-top : 0px;padding-right : 0px;padding-bottom : 0px;margin-bottom : 0px;padding-left : 0px;}<\/style><\/div><div class=\"fusion-fullwidth fullwidth-box fusion-builder-row-3 fusion-flex-container nonhundred-percent-fullwidth non-hundred-percent-height-scrolling\" style=\"background-color: rgba(255,255,255,0);background-position: center center;background-repeat: no-repeat;border-width: 0px 0px 0px 0px;border-color:#eae9e9;border-style:solid;\" ><div class=\"fusion-builder-row fusion-row fusion-flex-align-items-flex-start\" style=\"max-width:1216.8px;margin-left: calc(-4% \/ 2 );margin-right: calc(-4% \/ 2 );\"><div class=\"fusion-layout-column fusion_builder_column fusion-builder-column-2 fusion_builder_column_1_1 1_1 fusion-flex-column\"><div class=\"fusion-column-wrapper fusion-flex-justify-content-flex-start fusion-content-layout-column\" style=\"background-position:left top;background-repeat:no-repeat;-webkit-background-size:cover;-moz-background-size:cover;-o-background-size:cover;background-size:cover;padding: 0px 0px 0px 0px;\"><div class=\"fusion-text fusion-text-1\" style=\"transform:translate3d(0,0,0);\"><p><b>El Bono Social consiste en una bonificaci\u00f3n\u00a0en la tarifa el\u00e9ctrica, mediante un mecanismo regulado por el Gobierno con la finalidad de proteger al colectivo de consumidores vulnerables.<\/b><\/p>\n<p>Para poder acogerse al Bono Social es necesario estar acogido al PVPC a trav\u00e9s de un Comercializador de\u00a0Referencia de los establecidos por el Gobierno <span style=\"color: #ff9900;\"><strong>\u00a0<a style=\"color: #ff9900;\" href=\"https:\/\/sede.cnmc.gob.es\/listado\/censo\/10\" target=\"_blank\" rel=\"noopener\">Ver listado de comercializadores de referencia publicado por la CNMC<\/a><\/strong><\/span><\/p>\n<p>En el nuevo Bono social se establecen tres tipos de consumidores:<\/p>\n<p><strong>CONSUMIDOR VULNERABLE<\/strong>: el titular de un punto de suministro de electricidad en su vivienda habitual con potencia contratada inferior o igual a 10 kW que, siendo persona f\u00edsica, est\u00e9 acogido PVPC y cumpla con alguno de los siguientes requisitos:<\/p>\n<p>Seg\u00fan el nivel de renta (individual o, en su caso, renta conjunta de la unidad familiar a que pertenezca), sea igual o inferior:<\/p>\n<p>a) a 1,5 veces el Indicador P\u00fablico de Renta de Efectos M\u00faltiples (IPREM)1 de 14 pagas, en el caso de que no forme parte de una unidad familiar o no haya ning\u00fan menor en la unidad familiar.<\/p>\n<p>b) a 2 veces el \u00edndice IPREM de 14 pagas, en el caso de que haya un menor en la unidad familiar.<\/p>\n<p>c) a 2,5 veces el \u00edndice IPREM de 14 pagas, en el caso de que haya dos menores en la unidad familiar.<\/p>\n<p><strong>Familias numerosas<\/strong>\u00a0(sin l\u00edmite de renta).<\/p>\n<p><strong>Pensionistas por jubilaci\u00f3n o incapacidad permanente<\/strong>\u00a0con pensi\u00f3n m\u00ednima, sin otros ingresos.<\/p>\n<p>Cuando concurra en el consumidor o alguno de los miembros de la unidad familiar alguna de las siguientes circunstancias especiales, los multiplicadores de renta establecidos se incrementar\u00e1n, en cada caso, en 0,55:<\/p>\n<p>\uf0fc Discapacidad reconocida igual o superior al 33%<\/p>\n<p>\uf0fc Situaci\u00f3n de violencia de g\u00e9nero<\/p>\n<p>\uf0fc Condici\u00f3n de v\u00edctima de terrorismo<\/p>\n<p><strong>B. CONSUMIDOR VULNERABLE SEVERO:<\/strong>\u00a0Cuando el consumidor y, en su caso, la unidad familiar a la que pertenezca, tengan una renta anual inferior o igual al 50% de los umbrales establecidos, incrementados en su caso conforme a lo dispuesto sobre la concurrencia de circunstancias especiales.<\/p>\n<p>Tambi\u00e9n ser\u00e1 considerado vulnerable severo cuando el consumidor, y, en su caso, la unidad familiar a que pertenezca, tengan una renta anual inferior o igual a una vez el IPREM a 14 pagas, en caso de pensionistas con pensi\u00f3n m\u00ednima, o dos veces el mismo, en el caso de familias numerosas.<\/p>\n<p>Para este colectivo el Bonos social consiste en un descuento del 40% en todos los t\u00e9rminos que componen el PVPC.<\/p>\n<p>Igualmente, este descuento tiene un l\u00edmite, por lo que se refiere a la energ\u00eda suministrada, que solo aplica hasta los l\u00edmites de energ\u00eda consumida que corresponda seg\u00fan lo establecido en el Anexo I del Real Decreto 897\/2017. El consumo que exceda del l\u00edmite no tendr\u00e1 derecho a descuento y se facturar\u00e1 con el PVPC.<\/p>\n<p><strong>C. CONSUMIDOR EN RIESGO DE EXCLUSI\u00d3N SOCIAL:<\/strong>\u00a0El consumidor que, reuniendo los requisitos para ser vulnerable severo, est\u00e9 siendo atendido por los servicios sociales de una Administraci\u00f3n auton\u00f3mica o local que financie al menos el 50 por ciento del importe de su factura. Este consumidor deber\u00e1 estar acogido a la Tarifa de \u00daltimo Recurso (TUR).<\/p>\n<p>El suministro de este tipo de consumidor ser\u00e1 considerado suministro esencial, por lo que no podr\u00e1\u00a0ser suspendido.<\/p>\n<p><span style=\"color: #ff9900;\"><strong><em>Real Decreto 897\/2017, de 6 de octubre, por el que se regula la figura del consumidor vulnerable, el bono social y otras medidas de protecci\u00f3n para los consumidores dom\u00e9sticos de energ\u00eda el\u00e9ctrica.<\/em><\/strong><\/span><\/p>\n<p><a href=\"\/web\/wp-content\/uploads\/2020\/12\/BOE-A-2017-11505.pdf\" target=\"_blank\" rel=\"noopener\"><img decoding=\"async\" class=\"wp-image-13113 aligncenter\" src=\"https:\/\/comercializacion.electricadecallosa.es\/web\/wp-content\/uploads\/2020\/12\/pdf-300x300.png\" alt=\"\" width=\"40\" height=\"40\" srcset=\"https:\/\/comercializacion.electricadecallosa.es\/web\/wp-content\/uploads\/2020\/12\/pdf-66x66.png 66w, https:\/\/comercializacion.electricadecallosa.es\/web\/wp-content\/uploads\/2020\/12\/pdf-150x150.png 150w, https:\/\/comercializacion.electricadecallosa.es\/web\/wp-content\/uploads\/2020\/12\/pdf-200x200.png 200w, https:\/\/comercializacion.electricadecallosa.es\/web\/wp-content\/uploads\/2020\/12\/pdf-300x300.png 300w, https:\/\/comercializacion.electricadecallosa.es\/web\/wp-content\/uploads\/2020\/12\/pdf-400x400.png 400w, https:\/\/comercializacion.electricadecallosa.es\/web\/wp-content\/uploads\/2020\/12\/pdf.png 512w\" sizes=\"(max-width: 40px) 100vw, 40px\" \/><\/a><\/p>\n<p><span style=\"color: #ff9900;\"><strong><i>Orden ETU\/943\/2017, de 6 de octubre, por la que se desarrolla el Real Decreto 897\/2017, de 6 de octubre, por el que se regula la figura del consumidor vulnerable, el bono social y otras medidas de protecci\u00f3n para los consumidores dom\u00e9sticos de energ\u00eda el\u00e9ctrica.<\/i><\/strong><\/span><\/p>\n<p><a href=\"\/web\/wp-content\/uploads\/2020\/12\/BOE-A-2017-11505.pdf\" target=\"_blank\" rel=\"noopener\"><img decoding=\"async\" class=\"wp-image-13113 aligncenter\" src=\"https:\/\/comercializacion.electricadecallosa.es\/web\/wp-content\/uploads\/2020\/12\/pdf-300x300.png\" alt=\"\" width=\"40\" height=\"40\" srcset=\"https:\/\/comercializacion.electricadecallosa.es\/web\/wp-content\/uploads\/2020\/12\/pdf-66x66.png 66w, https:\/\/comercializacion.electricadecallosa.es\/web\/wp-content\/uploads\/2020\/12\/pdf-150x150.png 150w, https:\/\/comercializacion.electricadecallosa.es\/web\/wp-content\/uploads\/2020\/12\/pdf-200x200.png 200w, https:\/\/comercializacion.electricadecallosa.es\/web\/wp-content\/uploads\/2020\/12\/pdf-300x300.png 300w, https:\/\/comercializacion.electricadecallosa.es\/web\/wp-content\/uploads\/2020\/12\/pdf-400x400.png 400w, https:\/\/comercializacion.electricadecallosa.es\/web\/wp-content\/uploads\/2020\/12\/pdf.png 512w\" sizes=\"(max-width: 40px) 100vw, 40px\" \/><\/a><\/p>\n<div><span style=\"color: #ff9900;\"><strong>Real Decreto-ley 15\/2018, de 5 de octubre, de medidas urgentes para la transici\u00f3n energ\u00e9tica y la protecci\u00f3n de los consumidores<\/strong><\/span><\/div>\n<div>\u00a0<\/div>\n<div><a href=\"https:\/\/www.boe.es\/buscar\/pdf\/2018\/BOE-A-2018-13593-consolidado.pdf\" target=\"_blank\" rel=\"noopener\"><img decoding=\"async\" class=\"wp-image-13113 aligncenter\" src=\"https:\/\/comercializacion.electricadecallosa.es\/web\/wp-content\/uploads\/2020\/12\/pdf-300x300.png\" alt=\"\" width=\"40\" height=\"40\" srcset=\"https:\/\/comercializacion.electricadecallosa.es\/web\/wp-content\/uploads\/2020\/12\/pdf-66x66.png 66w, https:\/\/comercializacion.electricadecallosa.es\/web\/wp-content\/uploads\/2020\/12\/pdf-150x150.png 150w, https:\/\/comercializacion.electricadecallosa.es\/web\/wp-content\/uploads\/2020\/12\/pdf-200x200.png 200w, https:\/\/comercializacion.electricadecallosa.es\/web\/wp-content\/uploads\/2020\/12\/pdf-300x300.png 300w, https:\/\/comercializacion.electricadecallosa.es\/web\/wp-content\/uploads\/2020\/12\/pdf-400x400.png 400w, https:\/\/comercializacion.electricadecallosa.es\/web\/wp-content\/uploads\/2020\/12\/pdf.png 512w\" sizes=\"(max-width: 40px) 100vw, 40px\" \/><\/a><\/div>\n<div>\n<div>\u00a0<\/div>\n<\/div>\n<\/div><\/div><\/div><style type=\"text\/css\">.fusion-body .fusion-builder-column-2{width:100% !important;margin-top : 0px;margin-bottom : 20px;}.fusion-builder-column-2 > .fusion-column-wrapper {padding-top : 0px !important;padding-right : 0px !important;margin-right : 1.92%;padding-bottom : 0px !important;padding-left : 0px !important;margin-left : 1.92%;}@media only screen and (max-width:1024px) {.fusion-body .fusion-builder-column-2{width:100% !important;order : 0;}.fusion-builder-column-2 > .fusion-column-wrapper {margin-right : 1.92%;margin-left : 1.92%;}}@media only screen and (max-width:640px) {.fusion-body .fusion-builder-column-2{width:100% !important;order : 0;}.fusion-builder-column-2 > .fusion-column-wrapper {margin-right : 1.92%;margin-left : 1.92%;}}<\/style><\/div><style type=\"text\/css\">.fusion-body .fusion-flex-container.fusion-builder-row-3{ padding-top : 0px;margin-top : 0px;padding-right : 0px;padding-bottom : 0px;margin-bottom : 0px;padding-left : 0px;}<\/style><\/div><\/p>\n","protected":false},"excerpt":{"rendered":"","protected":false},"author":3,"featured_media":0,"parent":0,"menu_order":0,"comment_status":"closed","ping_status":"closed","template":"","meta":{"footnotes":""},"class_list":["post-13096","page","type-page","status-publish","hentry"],"_links":{"self":[{"href":"https:\/\/comercializacion.electricadecallosa.es\/web\/wp-json\/wp\/v2\/pages\/13096","targetHints":{"allow":["GET"]}}],"collection":[{"href":"https:\/\/comercializacion.electricadecallosa.es\/web\/wp-json\/wp\/v2\/pages"}],"about":[{"href":"https:\/\/comercializacion.electricadecallosa.es\/web\/wp-json\/wp\/v2\/types\/page"}],"author":[{"embeddable":true,"href":"https:\/\/comercializacion.electricadecallosa.es\/web\/wp-json\/wp\/v2\/users\/3"}],"replies":[{"embeddable":true,"href":"https:\/\/comercializacion.electricadecallosa.es\/web\/wp-json\/wp\/v2\/comments?post=13096"}],"version-history":[{"count":13,"href":"https:\/\/comercializacion.electricadecallosa.es\/web\/wp-json\/wp\/v2\/pages\/13096\/revisions"}],"predecessor-version":[{"id":13570,"href":"https:\/\/comercializacion.electricadecallosa.es\/web\/wp-json\/wp\/v2\/pages\/13096\/revisions\/13570"}],"wp:attachment":[{"href":"https:\/\/comercializacion.electricadecallosa.es\/web\/wp-json\/wp\/v2\/media?parent=13096"}],"curies":[{"name":"wp","href":"https:\/\/api.w.org\/{rel}","templated":true}]}}