{"id":13090,"date":"2020-12-27T21:04:57","date_gmt":"2020-12-27T21:04:57","guid":{"rendered":"https:\/\/comercializacion.electricadecallosa.es\/web\/?page_id=13090"},"modified":"2021-02-19T06:52:14","modified_gmt":"2021-02-19T06:52:14","slug":"instalaciones","status":"publish","type":"page","link":"https:\/\/comercializacion.electricadecallosa.es\/web\/instalaciones\/","title":{"rendered":"Instalaciones"},"content":{"rendered":"<p><div class=\"fusion-fullwidth fullwidth-box fusion-builder-row-1 fusion-flex-container nonhundred-percent-fullwidth non-hundred-percent-height-scrolling\" style=\"background-color: rgba(255,255,255,0);background-position: center center;background-repeat: no-repeat;border-width: 0px 0px 0px 0px;border-color:#eae9e9;border-style:solid;\" ><div class=\"fusion-builder-row fusion-row fusion-flex-align-items-flex-start\" style=\"max-width:1216.8px;margin-left: calc(-4% \/ 2 );margin-right: calc(-4% \/ 2 );\"><div class=\"fusion-layout-column fusion_builder_column fusion-builder-column-0 fusion_builder_column_1_1 1_1 fusion-flex-column\"><div class=\"fusion-column-wrapper fusion-flex-justify-content-flex-start fusion-content-layout-column\" style=\"background-position:left top;background-repeat:no-repeat;-webkit-background-size:cover;-moz-background-size:cover;-o-background-size:cover;background-size:cover;padding: 0px 0px 0px 0px;\"><div style=\"text-align:center;\"><span class=\" fusion-imageframe imageframe-dropshadow imageframe-1 hover-type-none fusion-animated fusion-no-small-visibility\" style=\"border-radius:5px;-webkit-box-shadow: 7px 7px 11px rgba(0,0,0,0.3);box-shadow: 7px 7px 11px rgba(0,0,0,0.3);\" data-animationType=\"slideInLeft\" data-animationDuration=\"0.5\" data-animationOffset=\"100%\"><img decoding=\"async\" width=\"1024\" height=\"733\" title=\"FACHADA\" src=\"https:\/\/comercializacion.electricadecallosa.es\/web\/wp-content\/uploads\/2021\/01\/FACHADA-1024x733.jpg\" class=\"img-responsive wp-image-13463\" srcset=\"https:\/\/comercializacion.electricadecallosa.es\/web\/wp-content\/uploads\/2021\/01\/FACHADA-200x143.jpg 200w, https:\/\/comercializacion.electricadecallosa.es\/web\/wp-content\/uploads\/2021\/01\/FACHADA-400x286.jpg 400w, https:\/\/comercializacion.electricadecallosa.es\/web\/wp-content\/uploads\/2021\/01\/FACHADA-600x430.jpg 600w, https:\/\/comercializacion.electricadecallosa.es\/web\/wp-content\/uploads\/2021\/01\/FACHADA-800x573.jpg 800w, https:\/\/comercializacion.electricadecallosa.es\/web\/wp-content\/uploads\/2021\/01\/FACHADA-1200x859.jpg 1200w\" sizes=\"(max-width: 1024px) 100vw, (max-width: 640px) 100vw, 1200px\" \/><\/span><\/div><\/div><\/div><style type=\"text\/css\">.fusion-body .fusion-builder-column-0{width:100% !important;margin-top : 0px;margin-bottom : 20px;}.fusion-builder-column-0 > .fusion-column-wrapper {padding-top : 0px !important;padding-right : 0px !important;margin-right : 1.92%;padding-bottom : 0px !important;padding-left : 0px !important;margin-left : 1.92%;}@media only screen and (max-width:1024px) {.fusion-body .fusion-builder-column-0{width:100% !important;order : 0;}.fusion-builder-column-0 > .fusion-column-wrapper {margin-right : 1.92%;margin-left : 1.92%;}}@media only screen and (max-width:640px) {.fusion-body .fusion-builder-column-0{width:100% !important;order : 0;}.fusion-builder-column-0 > .fusion-column-wrapper {margin-right : 1.92%;margin-left : 1.92%;}}<\/style><\/div><style type=\"text\/css\">.fusion-body .fusion-flex-container.fusion-builder-row-1{ padding-top : 0px;margin-top : 0px;padding-right : 0px;padding-bottom : 0px;margin-bottom : 0px;padding-left : 0px;}<\/style><\/div><div class=\"fusion-fullwidth fullwidth-box fusion-builder-row-2 fusion-flex-container nonhundred-percent-fullwidth non-hundred-percent-height-scrolling\" style=\"background-color: rgba(255,255,255,0);background-position: center center;background-repeat: no-repeat;border-width: 0px 0px 0px 0px;border-color:#eae9e9;border-style:solid;\" ><div class=\"fusion-builder-row fusion-row fusion-flex-align-items-flex-start\" style=\"max-width:1216.8px;margin-left: calc(-4% \/ 2 );margin-right: calc(-4% \/ 2 );\"><div class=\"fusion-layout-column fusion_builder_column fusion-builder-column-1 fusion_builder_column_1_1 1_1 fusion-flex-column\"><div class=\"fusion-column-wrapper fusion-flex-justify-content-flex-start fusion-content-layout-column\" style=\"background-position:left top;background-repeat:no-repeat;-webkit-background-size:cover;-moz-background-size:cover;-o-background-size:cover;background-size:cover;padding: 0px 0px 0px 0px;\"><style type=\"text\/css\">@media only screen and (max-width:1024px) {.fusion-title.fusion-title-1{margin-top:0px!important;margin-bottom:30px!important;}}<\/style><div class=\"fusion-title title fusion-title-1 fusion-title-center fusion-title-text fusion-title-size-one\" style=\"margin-top:0px;margin-bottom:30px;\"><div class=\"title-sep-container title-sep-container-left\"><div class=\"title-sep sep-\" style=\"border-color:#e0dede;\"><\/div><\/div><h1 class=\"title-heading-center\" style=\"margin:0;\">Instalaciones<\/h1><div class=\"title-sep-container title-sep-container-right\"><div class=\"title-sep sep-\" style=\"border-color:#e0dede;\"><\/div><\/div><\/div><div class=\"fusion-separator fusion-has-icon fusion-full-width-sep\" style=\"align-self: center;margin-left: auto;margin-right: auto;margin-top:-40px;width:100%;\"><div class=\"fusion-separator-border sep-single sep-solid\" style=\"border-color:#507eac;border-top-width:3px;\"><\/div><span class=\"icon-wrapper\" style=\"border-color:transparent;font-size:30px;width: 1.75em; height: 1.75em;border-width:3px;padding:3px;margin-top:-1.5px\"><i class=\"fa-building far\" style=\"font-size: inherit;color:#ff9900;\" aria-hidden=\"true\"><\/i><\/span><div class=\"fusion-separator-border sep-single sep-solid\" style=\"border-color:#507eac;border-top-width:3px;\"><\/div><\/div><\/div><\/div><style type=\"text\/css\">.fusion-body .fusion-builder-column-1{width:100% !important;margin-top : 0px;margin-bottom : 20px;}.fusion-builder-column-1 > .fusion-column-wrapper {padding-top : 0px !important;padding-right : 0px !important;margin-right : 1.92%;padding-bottom : 0px !important;padding-left : 0px !important;margin-left : 1.92%;}@media only screen and (max-width:1024px) {.fusion-body .fusion-builder-column-1{width:100% !important;order : 0;}.fusion-builder-column-1 > .fusion-column-wrapper {margin-right : 1.92%;margin-left : 1.92%;}}@media only screen and (max-width:640px) {.fusion-body .fusion-builder-column-1{width:100% !important;order : 0;}.fusion-builder-column-1 > .fusion-column-wrapper {margin-right : 1.92%;margin-left : 1.92%;}}<\/style><\/div><style type=\"text\/css\">.fusion-body .fusion-flex-container.fusion-builder-row-2{ padding-top : 89px;margin-top : 0px;padding-right : 0px;padding-bottom : 0px;margin-bottom : 0px;padding-left : 0px;}<\/style><\/div><div class=\"fusion-fullwidth fullwidth-box fusion-builder-row-3 fusion-flex-container nonhundred-percent-fullwidth non-hundred-percent-height-scrolling\" style=\"background-color: rgba(255,255,255,0);background-position: center center;background-repeat: no-repeat;border-width: 0px 0px 0px 0px;border-color:#eae9e9;border-style:solid;\" ><div class=\"fusion-builder-row fusion-row fusion-flex-align-items-flex-start\" style=\"max-width:1216.8px;margin-left: calc(-4% \/ 2 );margin-right: calc(-4% \/ 2 );\"><div class=\"fusion-layout-column fusion_builder_column fusion-builder-column-2 fusion_builder_column_1_1 1_1 fusion-flex-column\"><div class=\"fusion-column-wrapper fusion-flex-justify-content-flex-start fusion-content-layout-column\" style=\"background-position:left top;background-repeat:no-repeat;-webkit-background-size:cover;-moz-background-size:cover;-o-background-size:cover;background-size:cover;padding: 0px 0px 0px 0px;\"><div class=\"fusion-text fusion-text-1\" style=\"transform:translate3d(0,0,0);\"><p>Instalaciones de la COOPERATIVA en su sede social ubicada en Paseo de la Estaci\u00f3n y antigua sede social ubicada en la Rambla Vicente Juan Ill\u00e1n cedida a C\u00e1ritas desde el a\u00f1o 2008.<\/p>\n<\/div><\/div><\/div><style type=\"text\/css\">.fusion-body .fusion-builder-column-2{width:100% !important;margin-top : 0px;margin-bottom : 20px;}.fusion-builder-column-2 > .fusion-column-wrapper {padding-top : 0px !important;padding-right : 0px !important;margin-right : 1.92%;padding-bottom : 0px !important;padding-left : 0px !important;margin-left : 0%;}@media only screen and (max-width:1024px) {.fusion-body .fusion-builder-column-2{width:100% !important;order : 0;}.fusion-builder-column-2 > .fusion-column-wrapper {margin-right : 1.92%;margin-left : 1.92%;}}@media only screen and (max-width:640px) {.fusion-body .fusion-builder-column-2{width:100% !important;order : 0;}.fusion-builder-column-2 > .fusion-column-wrapper {margin-right : 1.92%;margin-left : 1.92%;}}<\/style><\/div><style type=\"text\/css\">.fusion-body .fusion-flex-container.fusion-builder-row-3{ padding-top : 0px;margin-top : 0px;padding-right : 0px;padding-bottom : 0px;margin-bottom : 0px;padding-left : 0px;}<\/style><\/div><div class=\"fusion-fullwidth fullwidth-box fusion-builder-row-4 fusion-flex-container nonhundred-percent-fullwidth non-hundred-percent-height-scrolling\" style=\"background-color: rgba(255,255,255,0);background-position: center center;background-repeat: no-repeat;border-width: 0px 0px 0px 0px;border-color:#eae9e9;border-style:solid;\" ><div class=\"fusion-builder-row fusion-row fusion-flex-align-items-flex-start\" style=\"max-width:1216.8px;margin-left: calc(-4% \/ 2 );margin-right: calc(-4% \/ 2 );\"><div class=\"fusion-layout-column fusion_builder_column fusion-builder-column-3 fusion_builder_column_1_1 1_1 fusion-flex-column\"><div class=\"fusion-column-wrapper fusion-flex-justify-content-flex-start fusion-content-layout-column\" style=\"background-position:left top;background-repeat:no-repeat;-webkit-background-size:cover;-moz-background-size:cover;-o-background-size:cover;background-size:cover;padding: 0px 0px 0px 0px;\"><style type=\"text\/css\">.fusion-gallery-1 .fusion-gallery-image {border:0px solid #f6f6f6;}<\/style><div class=\"fusion-gallery fusion-gallery-container fusion-grid-5 fusion-columns-total-4 fusion-gallery-layout-grid fusion-gallery-1\" style=\"margin:-34px;\"><div style=\"padding:34px;\" class=\"fusion-grid-column fusion-gallery-column fusion-gallery-column-5 hover-type-none\"><div class=\"fusion-gallery-image\"><a href=\"https:\/\/comercializacion.electricadecallosa.es\/web\/wp-content\/uploads\/2021\/01\/OFICINAS.jpg\" rel=\"noreferrer\" data-rel=\"iLightbox[gallery_image_1]\" class=\"fusion-lightbox\" target=\"_self\"><img decoding=\"async\" src=\"https:\/\/comercializacion.electricadecallosa.es\/web\/wp-content\/uploads\/2021\/01\/OFICINAS.jpg\" width=\"2016\" height=\"1512\" alt=\"\" title=\"OFICINAS\" aria-label=\"OFICINAS\" class=\"img-responsive wp-image-13464\" srcset=\"https:\/\/comercializacion.electricadecallosa.es\/web\/wp-content\/uploads\/2021\/01\/OFICINAS-200x150.jpg 200w, https:\/\/comercializacion.electricadecallosa.es\/web\/wp-content\/uploads\/2021\/01\/OFICINAS-400x300.jpg 400w, https:\/\/comercializacion.electricadecallosa.es\/web\/wp-content\/uploads\/2021\/01\/OFICINAS-600x450.jpg 600w, https:\/\/comercializacion.electricadecallosa.es\/web\/wp-content\/uploads\/2021\/01\/OFICINAS-800x600.jpg 800w, https:\/\/comercializacion.electricadecallosa.es\/web\/wp-content\/uploads\/2021\/01\/OFICINAS-1200x900.jpg 1200w, https:\/\/comercializacion.electricadecallosa.es\/web\/wp-content\/uploads\/2021\/01\/OFICINAS.jpg 2016w\" sizes=\"(min-width: 2200px) 100vw, (min-width: 1307px) 207px, (min-width: 1215px) 259px, (min-width: 1124px) 345px, (min-width: 1032px) 517px, (min-width: 940px) 1032px, \" \/><\/a><\/div><\/div><div style=\"padding:34px;\" class=\"fusion-grid-column fusion-gallery-column fusion-gallery-column-5 hover-type-none\"><div class=\"fusion-gallery-image\"><a href=\"https:\/\/comercializacion.electricadecallosa.es\/web\/wp-content\/uploads\/2020\/12\/imagen_instalaciones_cec_02.jpg\" rel=\"noreferrer\" data-rel=\"iLightbox[gallery_image_1]\" class=\"fusion-lightbox\" target=\"_self\"><img decoding=\"async\" src=\"https:\/\/comercializacion.electricadecallosa.es\/web\/wp-content\/uploads\/2020\/12\/imagen_instalaciones_cec_02.jpg\" width=\"592\" height=\"430\" alt=\"\" title=\"imagen_instalaciones_cec_02\" aria-label=\"imagen_instalaciones_cec_02\" class=\"img-responsive wp-image-13238\" srcset=\"https:\/\/comercializacion.electricadecallosa.es\/web\/wp-content\/uploads\/2020\/12\/imagen_instalaciones_cec_02-200x145.jpg 200w, https:\/\/comercializacion.electricadecallosa.es\/web\/wp-content\/uploads\/2020\/12\/imagen_instalaciones_cec_02-400x291.jpg 400w, https:\/\/comercializacion.electricadecallosa.es\/web\/wp-content\/uploads\/2020\/12\/imagen_instalaciones_cec_02.jpg 592w\" sizes=\"(min-width: 2200px) 100vw, (min-width: 1307px) 207px, (min-width: 1215px) 259px, (min-width: 1124px) 345px, (min-width: 1032px) 517px, (min-width: 940px) 1032px, \" \/><\/a><\/div><\/div><div style=\"padding:34px;\" class=\"fusion-grid-column fusion-gallery-column fusion-gallery-column-5 hover-type-none\"><div class=\"fusion-gallery-image\"><a href=\"https:\/\/comercializacion.electricadecallosa.es\/web\/wp-content\/uploads\/2020\/12\/imagen_instalaciones_cec_03.jpg\" rel=\"noreferrer\" data-rel=\"iLightbox[gallery_image_1]\" class=\"fusion-lightbox\" target=\"_self\"><img decoding=\"async\" src=\"https:\/\/comercializacion.electricadecallosa.es\/web\/wp-content\/uploads\/2020\/12\/imagen_instalaciones_cec_03.jpg\" width=\"592\" height=\"430\" alt=\"\" title=\"imagen_instalaciones_cec_03\" aria-label=\"imagen_instalaciones_cec_03\" class=\"img-responsive wp-image-13239\" srcset=\"https:\/\/comercializacion.electricadecallosa.es\/web\/wp-content\/uploads\/2020\/12\/imagen_instalaciones_cec_03-200x145.jpg 200w, https:\/\/comercializacion.electricadecallosa.es\/web\/wp-content\/uploads\/2020\/12\/imagen_instalaciones_cec_03-400x291.jpg 400w, https:\/\/comercializacion.electricadecallosa.es\/web\/wp-content\/uploads\/2020\/12\/imagen_instalaciones_cec_03.jpg 592w\" sizes=\"(min-width: 2200px) 100vw, (min-width: 1307px) 207px, (min-width: 1215px) 259px, (min-width: 1124px) 345px, (min-width: 1032px) 517px, (min-width: 940px) 1032px, \" \/><\/a><\/div><\/div><div style=\"padding:34px;\" class=\"fusion-grid-column fusion-gallery-column fusion-gallery-column-5 hover-type-none\"><div class=\"fusion-gallery-image\"><a href=\"https:\/\/comercializacion.electricadecallosa.es\/web\/wp-content\/uploads\/2020\/12\/imagen_instalaciones_cec_04.jpg\" rel=\"noreferrer\" data-rel=\"iLightbox[gallery_image_1]\" class=\"fusion-lightbox\" target=\"_self\"><img decoding=\"async\" src=\"https:\/\/comercializacion.electricadecallosa.es\/web\/wp-content\/uploads\/2020\/12\/imagen_instalaciones_cec_04.jpg\" width=\"592\" height=\"430\" alt=\"\" title=\"imagen_instalaciones_cec_04\" aria-label=\"imagen_instalaciones_cec_04\" class=\"img-responsive wp-image-13240\" srcset=\"https:\/\/comercializacion.electricadecallosa.es\/web\/wp-content\/uploads\/2020\/12\/imagen_instalaciones_cec_04-200x145.jpg 200w, https:\/\/comercializacion.electricadecallosa.es\/web\/wp-content\/uploads\/2020\/12\/imagen_instalaciones_cec_04-400x291.jpg 400w, https:\/\/comercializacion.electricadecallosa.es\/web\/wp-content\/uploads\/2020\/12\/imagen_instalaciones_cec_04.jpg 592w\" sizes=\"(min-width: 2200px) 100vw, (min-width: 1307px) 207px, (min-width: 1215px) 259px, (min-width: 1124px) 345px, (min-width: 1032px) 517px, (min-width: 940px) 1032px, \" \/><\/a><\/div><\/div><\/div><\/div><\/div><style type=\"text\/css\">.fusion-body .fusion-builder-column-3{width:100% !important;margin-top : 0px;margin-bottom : 20px;}.fusion-builder-column-3 > .fusion-column-wrapper {padding-top : 0px !important;padding-right : 0px !important;margin-right : 1.92%;padding-bottom : 0px !important;padding-left : 0px !important;margin-left : 1.92%;}@media only screen and (max-width:1024px) {.fusion-body .fusion-builder-column-3{width:100% !important;order : 0;}.fusion-builder-column-3 > .fusion-column-wrapper {margin-right : 1.92%;margin-left : 1.92%;}}@media only screen and (max-width:640px) {.fusion-body .fusion-builder-column-3{width:100% !important;order : 0;}.fusion-builder-column-3 > .fusion-column-wrapper {margin-right : 1.92%;margin-left : 1.92%;}}<\/style><\/div><style type=\"text\/css\">.fusion-body .fusion-flex-container.fusion-builder-row-4{ padding-top : 0px;margin-top : 0px;padding-right : 0px;padding-bottom : 292px;margin-bottom : 0px;padding-left : 0px;}<\/style><\/div><\/p>\n","protected":false},"excerpt":{"rendered":"","protected":false},"author":3,"featured_media":0,"parent":0,"menu_order":0,"comment_status":"closed","ping_status":"closed","template":"","meta":{"footnotes":""},"class_list":["post-13090","page","type-page","status-publish","hentry"],"_links":{"self":[{"href":"https:\/\/comercializacion.electricadecallosa.es\/web\/wp-json\/wp\/v2\/pages\/13090","targetHints":{"allow":["GET"]}}],"collection":[{"href":"https:\/\/comercializacion.electricadecallosa.es\/web\/wp-json\/wp\/v2\/pages"}],"about":[{"href":"https:\/\/comercializacion.electricadecallosa.es\/web\/wp-json\/wp\/v2\/types\/page"}],"author":[{"embeddable":true,"href":"https:\/\/comercializacion.electricadecallosa.es\/web\/wp-json\/wp\/v2\/users\/3"}],"replies":[{"embeddable":true,"href":"https:\/\/comercializacion.electricadecallosa.es\/web\/wp-json\/wp\/v2\/comments?post=13090"}],"version-history":[{"count":22,"href":"https:\/\/comercializacion.electricadecallosa.es\/web\/wp-json\/wp\/v2\/pages\/13090\/revisions"}],"predecessor-version":[{"id":13568,"href":"https:\/\/comercializacion.electricadecallosa.es\/web\/wp-json\/wp\/v2\/pages\/13090\/revisions\/13568"}],"wp:attachment":[{"href":"https:\/\/comercializacion.electricadecallosa.es\/web\/wp-json\/wp\/v2\/media?parent=13090"}],"curies":[{"name":"wp","href":"https:\/\/api.w.org\/{rel}","templated":true}]}}